{"id":8852,"date":"2026-04-29T15:00:30","date_gmt":"2026-04-29T14:00:30","guid":{"rendered":"https:\/\/new.latinconnect.com\/product\/mexiko-rundreise-baja-california-sur-selbstfahrer\/"},"modified":"2026-05-13T15:47:27","modified_gmt":"2026-05-13T14:47:27","slug":"mexique-circuit-basse-californie-sud-auto-tour","status":"publish","type":"product","link":"https:\/\/latinconnect.com\/fr\/produit\/mexique-circuit-basse-californie-sud-auto-tour\/","title":{"rendered":"Circuit au Mexique \u2013 Basse-Californie du Sud en autotour"},"content":{"rendered":"<p>D\u00e9couvrez la beaut\u00e9 sauvage de la Basse-Californie du Sud lors de ce circuit de 8 jours au Mexique en voiture de location. Depuis la charmante capitale, La Paz, explorez des paysages spectaculaires entre le golfe de Californie et le Pacifique, faites du snorkeling avec des otaries et d\u00e9couvrez des missions historiques.<\/p>","protected":false},"featured_media":8392,"template":"","meta":{"_acf_changed":false},"class_list":["post-8852","product","type-product","status-publish","has-post-thumbnail","hentry"],"acf":[],"yoast_head":"<!-- This site is optimized with the Yoast SEO plugin v26.9 - https:\/\/yoast.com\/product\/yoast-seo-wordpress\/ -->\n<title>Mexiko Rundreise Baja California Sur - 8 Tage Selbstfahrerreise ab La Paz<\/title>\n<meta name=\"description\" content=\"Mexiko Rundreise durch Baja California Sur: 8 Tage Selbstfahrerreise ab La Paz mit Schnorcheln bei Seel\u00f6wen, historischen Missionen und Walbeobachtung. Jetzt buchen!\" \/>\n<meta name=\"robots\" content=\"noindex, follow, max-snippet:-1, max-image-preview:large, max-video-preview:-1\" \/>\n<meta property=\"og:locale\" content=\"fr_FR\" \/>\n<meta property=\"og:type\" content=\"article\" \/>\n<meta property=\"og:title\" content=\"Mexiko Rundreise Baja California Sur - 8 Tage Selbstfahrerreise ab La Paz\" \/>\n<meta property=\"og:description\" content=\"Mexiko Rundreise durch Baja California Sur: 8 Tage Selbstfahrerreise ab La Paz mit Schnorcheln bei Seel\u00f6wen, historischen Missionen und Walbeobachtung. Jetzt buchen!\" \/>\n<meta property=\"og:url\" content=\"https:\/\/latinconnect.com\/fr\/produit\/mexique-circuit-basse-californie-sud-auto-tour\/\" \/>\n<meta property=\"og:site_name\" content=\"Latinconnect\" \/>\n<meta property=\"article:modified_time\" content=\"2026-05-13T14:47:27+00:00\" \/>\n<meta property=\"og:image\" content=\"https:\/\/latinconnect.com\/wp-content\/uploads\/MEX_BCS_01_mexiko-rundreise-baja-california-sur-selbstfahrer.png\" \/>\n\t<meta property=\"og:image:width\" content=\"2400\" \/>\n\t<meta property=\"og:image:height\" content=\"1800\" \/>\n\t<meta property=\"og:image:type\" content=\"image\/png\" \/>\n<meta name=\"twitter:card\" content=\"summary_large_image\" \/>\n<script type=\"application\/ld+json\" class=\"yoast-schema-graph\">{\"@context\":\"https:\/\/schema.org\",\"@graph\":[{\"@type\":\"WebPage\",\"@id\":\"https:\/\/latinconnect.com\/product\/mexiko-rundreise-baja-california-sur-selbstfahrer\/\",\"url\":\"https:\/\/latinconnect.com\/product\/mexiko-rundreise-baja-california-sur-selbstfahrer\/\",\"name\":\"Mexiko Rundreise Baja California Sur - 8 Tage Selbstfahrerreise ab La Paz\",\"isPartOf\":{\"@id\":\"https:\/\/latinconnect.com\/de\/#website\"},\"primaryImageOfPage\":{\"@id\":\"https:\/\/latinconnect.com\/product\/mexiko-rundreise-baja-california-sur-selbstfahrer\/#primaryimage\"},\"image\":{\"@id\":\"https:\/\/latinconnect.com\/product\/mexiko-rundreise-baja-california-sur-selbstfahrer\/#primaryimage\"},\"thumbnailUrl\":\"https:\/\/latinconnect.com\/wp-content\/uploads\/MEX_BCS_01_mexiko-rundreise-baja-california-sur-selbstfahrer.png\",\"datePublished\":\"2026-04-29T14:00:30+00:00\",\"dateModified\":\"2026-05-13T14:47:27+00:00\",\"description\":\"Mexiko Rundreise durch Baja California Sur: 8 Tage Selbstfahrerreise ab La Paz mit Schnorcheln bei Seel\u00f6wen, historischen Missionen und Walbeobachtung. Jetzt buchen!\",\"breadcrumb\":{\"@id\":\"https:\/\/latinconnect.com\/product\/mexiko-rundreise-baja-california-sur-selbstfahrer\/#breadcrumb\"},\"inLanguage\":\"fr-FR\",\"potentialAction\":[{\"@type\":\"ReadAction\",\"target\":[\"https:\/\/latinconnect.com\/product\/mexiko-rundreise-baja-california-sur-selbstfahrer\/\"]}]},{\"@type\":\"ImageObject\",\"inLanguage\":\"fr-FR\",\"@id\":\"https:\/\/latinconnect.com\/product\/mexiko-rundreise-baja-california-sur-selbstfahrer\/#primaryimage\",\"url\":\"https:\/\/latinconnect.com\/wp-content\/uploads\/MEX_BCS_01_mexiko-rundreise-baja-california-sur-selbstfahrer.png\",\"contentUrl\":\"https:\/\/latinconnect.com\/wp-content\/uploads\/MEX_BCS_01_mexiko-rundreise-baja-california-sur-selbstfahrer.png\",\"width\":2400,\"height\":1800},{\"@type\":\"BreadcrumbList\",\"@id\":\"https:\/\/latinconnect.com\/product\/mexiko-rundreise-baja-california-sur-selbstfahrer\/#breadcrumb\",\"itemListElement\":[{\"@type\":\"ListItem\",\"position\":1,\"name\":\"Home\",\"item\":\"https:\/\/latinconnect.com\/de\/\"},{\"@type\":\"ListItem\",\"position\":2,\"name\":\"Mexiko Rundreise \u2013 Baja California Sur Selbstfahrerreise\"}]},{\"@type\":\"WebSite\",\"@id\":\"https:\/\/latinconnect.com\/de\/#website\",\"url\":\"https:\/\/latinconnect.com\/de\/\",\"name\":\"Latinconnect\",\"description\":\"latin america&#039;s dmc alliance\",\"publisher\":{\"@id\":\"https:\/\/latinconnect.com\/de\/#organization\"},\"potentialAction\":[{\"@type\":\"SearchAction\",\"target\":{\"@type\":\"EntryPoint\",\"urlTemplate\":\"https:\/\/latinconnect.com\/de\/?s={search_term_string}\"},\"query-input\":{\"@type\":\"PropertyValueSpecification\",\"valueRequired\":true,\"valueName\":\"search_term_string\"}}],\"inLanguage\":\"fr-FR\"},{\"@type\":\"Organization\",\"@id\":\"https:\/\/latinconnect.com\/de\/#organization\",\"name\":\"Latinconnect\",\"url\":\"https:\/\/latinconnect.com\/de\/\",\"logo\":{\"@type\":\"ImageObject\",\"inLanguage\":\"fr-FR\",\"@id\":\"https:\/\/latinconnect.com\/de\/#\/schema\/logo\/image\/\",\"url\":\"https:\/\/latinconnect.com\/wp-content\/uploads\/logo-latinconnect.svg\",\"contentUrl\":\"https:\/\/latinconnect.com\/wp-content\/uploads\/logo-latinconnect.svg\",\"width\":260,\"height\":50,\"caption\":\"Latinconnect\"},\"image\":{\"@id\":\"https:\/\/latinconnect.com\/de\/#\/schema\/logo\/image\/\"},\"sameAs\":[\"https:\/\/www.linkedin.com\/company\/latinconnect\"]}]}<\/script>\n<!-- \/ Yoast SEO plugin. -->","yoast_head_json":{"title":"Circuit au Mexique Basse-Californie du Sud - 8 jours en voiture depuis La Paz","description":"Mexique : Circuit de 8 jours en Basse-Californie du Sud en voiture, au d\u00e9part de La Paz, avec plong\u00e9e avec des otaries, des missions historiques et l'observation des baleines. R\u00e9servez maintenant !","robots":{"index":"noindex","follow":"follow","max-snippet":"max-snippet:-1","max-image-preview":"max-image-preview:large","max-video-preview":"max-video-preview:-1"},"og_locale":"fr_FR","og_type":"article","og_title":"Mexiko Rundreise Baja California Sur - 8 Tage Selbstfahrerreise ab La Paz","og_description":"Mexiko Rundreise durch Baja California Sur: 8 Tage Selbstfahrerreise ab La Paz mit Schnorcheln bei Seel\u00f6wen, historischen Missionen und Walbeobachtung. Jetzt buchen!","og_url":"https:\/\/latinconnect.com\/fr\/produit\/mexique-circuit-basse-californie-sud-auto-tour\/","og_site_name":"Latinconnect","article_modified_time":"2026-05-13T14:47:27+00:00","og_image":[{"width":2400,"height":1800,"url":"https:\/\/latinconnect.com\/wp-content\/uploads\/MEX_BCS_01_mexiko-rundreise-baja-california-sur-selbstfahrer.png","type":"image\/png"}],"twitter_card":"summary_large_image","schema":{"@context":"https:\/\/schema.org","@graph":[{"@type":"WebPage","@id":"https:\/\/latinconnect.com\/product\/mexiko-rundreise-baja-california-sur-selbstfahrer\/","url":"https:\/\/latinconnect.com\/product\/mexiko-rundreise-baja-california-sur-selbstfahrer\/","name":"Circuit au Mexique Basse-Californie du Sud - 8 jours en voiture depuis La Paz","isPartOf":{"@id":"https:\/\/latinconnect.com\/de\/#website"},"primaryImageOfPage":{"@id":"https:\/\/latinconnect.com\/product\/mexiko-rundreise-baja-california-sur-selbstfahrer\/#primaryimage"},"image":{"@id":"https:\/\/latinconnect.com\/product\/mexiko-rundreise-baja-california-sur-selbstfahrer\/#primaryimage"},"thumbnailUrl":"https:\/\/latinconnect.com\/wp-content\/uploads\/MEX_BCS_01_mexiko-rundreise-baja-california-sur-selbstfahrer.png","datePublished":"2026-04-29T14:00:30+00:00","dateModified":"2026-05-13T14:47:27+00:00","description":"Mexique : Circuit de 8 jours en Basse-Californie du Sud en voiture, au d\u00e9part de La Paz, avec plong\u00e9e avec des otaries, des missions historiques et l'observation des baleines. R\u00e9servez maintenant !","breadcrumb":{"@id":"https:\/\/latinconnect.com\/product\/mexiko-rundreise-baja-california-sur-selbstfahrer\/#breadcrumb"},"inLanguage":"fr-FR","potentialAction":[{"@type":"ReadAction","target":["https:\/\/latinconnect.com\/product\/mexiko-rundreise-baja-california-sur-selbstfahrer\/"]}]},{"@type":"ImageObject","inLanguage":"fr-FR","@id":"https:\/\/latinconnect.com\/product\/mexiko-rundreise-baja-california-sur-selbstfahrer\/#primaryimage","url":"https:\/\/latinconnect.com\/wp-content\/uploads\/MEX_BCS_01_mexiko-rundreise-baja-california-sur-selbstfahrer.png","contentUrl":"https:\/\/latinconnect.com\/wp-content\/uploads\/MEX_BCS_01_mexiko-rundreise-baja-california-sur-selbstfahrer.png","width":2400,"height":1800},{"@type":"BreadcrumbList","@id":"https:\/\/latinconnect.com\/product\/mexiko-rundreise-baja-california-sur-selbstfahrer\/#breadcrumb","itemListElement":[{"@type":"ListItem","position":1,"name":"Home","item":"https:\/\/latinconnect.com\/de\/"},{"@type":"ListItem","position":2,"name":"Mexiko Rundreise \u2013 Baja California Sur Selbstfahrerreise"}]},{"@type":"WebSite","@id":"https:\/\/latinconnect.com\/de\/#website","url":"https:\/\/latinconnect.com\/de\/","name":"Latinconnect","description":"latin america's dmc alliance","publisher":{"@id":"https:\/\/latinconnect.com\/de\/#organization"},"potentialAction":[{"@type":"SearchAction","target":{"@type":"EntryPoint","urlTemplate":"https:\/\/latinconnect.com\/de\/?s={search_term_string}"},"query-input":{"@type":"PropertyValueSpecification","valueRequired":true,"valueName":"search_term_string"}}],"inLanguage":"fr-FR"},{"@type":"Organization","@id":"https:\/\/latinconnect.com\/de\/#organization","name":"Latinconnect","url":"https:\/\/latinconnect.com\/de\/","logo":{"@type":"ImageObject","inLanguage":"fr-FR","@id":"https:\/\/latinconnect.com\/de\/#\/schema\/logo\/image\/","url":"https:\/\/latinconnect.com\/wp-content\/uploads\/logo-latinconnect.svg","contentUrl":"https:\/\/latinconnect.com\/wp-content\/uploads\/logo-latinconnect.svg","width":260,"height":50,"caption":"Latinconnect"},"image":{"@id":"https:\/\/latinconnect.com\/de\/#\/schema\/logo\/image\/"},"sameAs":["https:\/\/www.linkedin.com\/company\/latinconnect"]}]}},"_links":{"self":[{"href":"https:\/\/latinconnect.com\/fr\/wp-json\/wp\/v2\/product\/8852","targetHints":{"allow":["GET"]}}],"collection":[{"href":"https:\/\/latinconnect.com\/fr\/wp-json\/wp\/v2\/product"}],"about":[{"href":"https:\/\/latinconnect.com\/fr\/wp-json\/wp\/v2\/types\/product"}],"wp:featuredmedia":[{"embeddable":true,"href":"https:\/\/latinconnect.com\/fr\/wp-json\/wp\/v2\/media\/8392"}],"wp:attachment":[{"href":"https:\/\/latinconnect.com\/fr\/wp-json\/wp\/v2\/media?parent=8852"}],"curies":[{"name":"wp","href":"https:\/\/api.w.org\/{rel}","templated":true}]}}