{"id":8804,"date":"2026-04-29T14:59:50","date_gmt":"2026-04-29T13:59:50","guid":{"rendered":"https:\/\/new.latinconnect.com\/product\/costa-rica-rundreise-seele-des-dschungels-ostkueste-karibik\/"},"modified":"2026-04-29T15:12:00","modified_gmt":"2026-04-29T14:12:00","slug":"costa-rica-voyage-ame-de-la-jungle-cote-est-caraibe","status":"publish","type":"product","link":"https:\/\/latinconnect.com\/fr\/produit\/costa-rica-voyage-ame-de-la-jungle-cote-est-caraibe\/","title":{"rendered":"Costa Rica Tour \u2013 L'\u00e2me de la jungle \u2013 Vers l'est jusqu'\u00e0 la c\u00f4te des Cara\u00efbes"},"content":{"rendered":"<p>D\u00e9couvrez la nature sauvage immacul\u00e9e du Costa Rica lors de ce circuit, de la c\u00f4te Pacifique \u00e0 la c\u00f4te Cara\u00efbe. Votre itin\u00e9raire vous m\u00e8nera \u00e0 travers des for\u00eats de nuages mystiques, des volcans actifs et les canaux riches en faune de Tortuguero.<\/p>","protected":false},"featured_media":8274,"template":"","meta":{"_acf_changed":false},"class_list":["post-8804","product","type-product","status-publish","has-post-thumbnail","hentry"],"acf":[],"yoast_head":"<!-- This site is optimized with the Yoast SEO plugin v26.9 - https:\/\/yoast.com\/product\/yoast-seo-wordpress\/ -->\n<title>Costa Rica Rundreise \u2013 Die Seele des Dschungels | 11 Tage Abenteuer<\/title>\n<meta name=\"description\" content=\"Costa Rica Rundreise von San Jos\u00e9 zur Karibikk\u00fcste. 11 Tage durch Nebelw\u00e4lder, Vulkane und Tortuguero. Mit Charterflug, Rafting und Luxus-Lodge im Regenwald.\" \/>\n<meta name=\"robots\" content=\"noindex, follow, max-snippet:-1, max-image-preview:large, max-video-preview:-1\" \/>\n<meta property=\"og:locale\" content=\"fr_FR\" \/>\n<meta property=\"og:type\" content=\"article\" \/>\n<meta property=\"og:title\" content=\"Costa Rica Rundreise \u2013 Die Seele des Dschungels | 11 Tage Abenteuer\" \/>\n<meta property=\"og:description\" content=\"Costa Rica Rundreise von San Jos\u00e9 zur Karibikk\u00fcste. 11 Tage durch Nebelw\u00e4lder, Vulkane und Tortuguero. Mit Charterflug, Rafting und Luxus-Lodge im Regenwald.\" \/>\n<meta property=\"og:url\" content=\"https:\/\/latinconnect.com\/fr\/produit\/costa-rica-voyage-ame-de-la-jungle-cote-est-caraibe\/\" \/>\n<meta property=\"og:site_name\" content=\"Latinconnect\" \/>\n<meta property=\"article:modified_time\" content=\"2026-04-29T14:12:00+00:00\" \/>\n<meta property=\"og:image\" content=\"https:\/\/latinconnect.com\/wp-content\/uploads\/CRA_SdD_01_costa-rica-rundreise-seele-des-dschungels-ostkueste-karibik.png\" \/>\n\t<meta property=\"og:image:width\" content=\"2400\" \/>\n\t<meta property=\"og:image:height\" content=\"1800\" \/>\n\t<meta property=\"og:image:type\" content=\"image\/png\" \/>\n<meta name=\"twitter:card\" content=\"summary_large_image\" \/>\n<script type=\"application\/ld+json\" class=\"yoast-schema-graph\">{\"@context\":\"https:\/\/schema.org\",\"@graph\":[{\"@type\":\"WebPage\",\"@id\":\"https:\/\/latinconnect.com\/product\/costa-rica-rundreise-seele-des-dschungels-ostkueste-karibik\/\",\"url\":\"https:\/\/latinconnect.com\/product\/costa-rica-rundreise-seele-des-dschungels-ostkueste-karibik\/\",\"name\":\"Costa Rica Rundreise \u2013 Die Seele des Dschungels | 11 Tage Abenteuer\",\"isPartOf\":{\"@id\":\"https:\/\/latinconnect.com\/de\/#website\"},\"primaryImageOfPage\":{\"@id\":\"https:\/\/latinconnect.com\/product\/costa-rica-rundreise-seele-des-dschungels-ostkueste-karibik\/#primaryimage\"},\"image\":{\"@id\":\"https:\/\/latinconnect.com\/product\/costa-rica-rundreise-seele-des-dschungels-ostkueste-karibik\/#primaryimage\"},\"thumbnailUrl\":\"https:\/\/latinconnect.com\/wp-content\/uploads\/CRA_SdD_01_costa-rica-rundreise-seele-des-dschungels-ostkueste-karibik.png\",\"datePublished\":\"2026-04-29T13:59:50+00:00\",\"dateModified\":\"2026-04-29T14:12:00+00:00\",\"description\":\"Costa Rica Rundreise von San Jos\u00e9 zur Karibikk\u00fcste. 11 Tage durch Nebelw\u00e4lder, Vulkane und Tortuguero. Mit Charterflug, Rafting und Luxus-Lodge im Regenwald.\",\"breadcrumb\":{\"@id\":\"https:\/\/latinconnect.com\/product\/costa-rica-rundreise-seele-des-dschungels-ostkueste-karibik\/#breadcrumb\"},\"inLanguage\":\"fr-FR\",\"potentialAction\":[{\"@type\":\"ReadAction\",\"target\":[\"https:\/\/latinconnect.com\/product\/costa-rica-rundreise-seele-des-dschungels-ostkueste-karibik\/\"]}]},{\"@type\":\"ImageObject\",\"inLanguage\":\"fr-FR\",\"@id\":\"https:\/\/latinconnect.com\/product\/costa-rica-rundreise-seele-des-dschungels-ostkueste-karibik\/#primaryimage\",\"url\":\"https:\/\/latinconnect.com\/wp-content\/uploads\/CRA_SdD_01_costa-rica-rundreise-seele-des-dschungels-ostkueste-karibik.png\",\"contentUrl\":\"https:\/\/latinconnect.com\/wp-content\/uploads\/CRA_SdD_01_costa-rica-rundreise-seele-des-dschungels-ostkueste-karibik.png\",\"width\":2400,\"height\":1800},{\"@type\":\"BreadcrumbList\",\"@id\":\"https:\/\/latinconnect.com\/product\/costa-rica-rundreise-seele-des-dschungels-ostkueste-karibik\/#breadcrumb\",\"itemListElement\":[{\"@type\":\"ListItem\",\"position\":1,\"name\":\"Home\",\"item\":\"https:\/\/latinconnect.com\/de\/\"},{\"@type\":\"ListItem\",\"position\":2,\"name\":\"Costa Rica Rundreise \u2013 Die Seele des Dschungels &#8211; Ostw\u00e4rts zur Karibikk\u00fcste\"}]},{\"@type\":\"WebSite\",\"@id\":\"https:\/\/latinconnect.com\/de\/#website\",\"url\":\"https:\/\/latinconnect.com\/de\/\",\"name\":\"Latinconnect\",\"description\":\"latin america&#039;s dmc alliance\",\"publisher\":{\"@id\":\"https:\/\/latinconnect.com\/de\/#organization\"},\"potentialAction\":[{\"@type\":\"SearchAction\",\"target\":{\"@type\":\"EntryPoint\",\"urlTemplate\":\"https:\/\/latinconnect.com\/de\/?s={search_term_string}\"},\"query-input\":{\"@type\":\"PropertyValueSpecification\",\"valueRequired\":true,\"valueName\":\"search_term_string\"}}],\"inLanguage\":\"fr-FR\"},{\"@type\":\"Organization\",\"@id\":\"https:\/\/latinconnect.com\/de\/#organization\",\"name\":\"Latinconnect\",\"url\":\"https:\/\/latinconnect.com\/de\/\",\"logo\":{\"@type\":\"ImageObject\",\"inLanguage\":\"fr-FR\",\"@id\":\"https:\/\/latinconnect.com\/de\/#\/schema\/logo\/image\/\",\"url\":\"https:\/\/latinconnect.com\/wp-content\/uploads\/logo-latinconnect.svg\",\"contentUrl\":\"https:\/\/latinconnect.com\/wp-content\/uploads\/logo-latinconnect.svg\",\"width\":260,\"height\":50,\"caption\":\"Latinconnect\"},\"image\":{\"@id\":\"https:\/\/latinconnect.com\/de\/#\/schema\/logo\/image\/\"},\"sameAs\":[\"https:\/\/www.linkedin.com\/company\/latinconnect\"]}]}<\/script>\n<!-- \/ Yoast SEO plugin. -->","yoast_head_json":{"title":"Voyage au Costa Rica \u2013 L'\u00e2me de la jungle | 11 jours d'aventure","description":"Voyage au Costa Rica de San Jos\u00e9 \u00e0 la c\u00f4te Cara\u00efbe. 11 jours \u00e0 travers des for\u00eats de nuages, des volcans et Tortuguero. Avec vol charter, rafting et lodge de luxe dans la for\u00eat tropicale.","robots":{"index":"noindex","follow":"follow","max-snippet":"max-snippet:-1","max-image-preview":"max-image-preview:large","max-video-preview":"max-video-preview:-1"},"og_locale":"fr_FR","og_type":"article","og_title":"Costa Rica Rundreise \u2013 Die Seele des Dschungels | 11 Tage Abenteuer","og_description":"Costa Rica Rundreise von San Jos\u00e9 zur Karibikk\u00fcste. 11 Tage durch Nebelw\u00e4lder, Vulkane und Tortuguero. Mit Charterflug, Rafting und Luxus-Lodge im Regenwald.","og_url":"https:\/\/latinconnect.com\/fr\/produit\/costa-rica-voyage-ame-de-la-jungle-cote-est-caraibe\/","og_site_name":"Latinconnect","article_modified_time":"2026-04-29T14:12:00+00:00","og_image":[{"width":2400,"height":1800,"url":"https:\/\/latinconnect.com\/wp-content\/uploads\/CRA_SdD_01_costa-rica-rundreise-seele-des-dschungels-ostkueste-karibik.png","type":"image\/png"}],"twitter_card":"summary_large_image","schema":{"@context":"https:\/\/schema.org","@graph":[{"@type":"WebPage","@id":"https:\/\/latinconnect.com\/product\/costa-rica-rundreise-seele-des-dschungels-ostkueste-karibik\/","url":"https:\/\/latinconnect.com\/product\/costa-rica-rundreise-seele-des-dschungels-ostkueste-karibik\/","name":"Voyage au Costa Rica \u2013 L'\u00e2me de la jungle | 11 jours d'aventure","isPartOf":{"@id":"https:\/\/latinconnect.com\/de\/#website"},"primaryImageOfPage":{"@id":"https:\/\/latinconnect.com\/product\/costa-rica-rundreise-seele-des-dschungels-ostkueste-karibik\/#primaryimage"},"image":{"@id":"https:\/\/latinconnect.com\/product\/costa-rica-rundreise-seele-des-dschungels-ostkueste-karibik\/#primaryimage"},"thumbnailUrl":"https:\/\/latinconnect.com\/wp-content\/uploads\/CRA_SdD_01_costa-rica-rundreise-seele-des-dschungels-ostkueste-karibik.png","datePublished":"2026-04-29T13:59:50+00:00","dateModified":"2026-04-29T14:12:00+00:00","description":"Voyage au Costa Rica de San Jos\u00e9 \u00e0 la c\u00f4te Cara\u00efbe. 11 jours \u00e0 travers des for\u00eats de nuages, des volcans et Tortuguero. Avec vol charter, rafting et lodge de luxe dans la for\u00eat tropicale.","breadcrumb":{"@id":"https:\/\/latinconnect.com\/product\/costa-rica-rundreise-seele-des-dschungels-ostkueste-karibik\/#breadcrumb"},"inLanguage":"fr-FR","potentialAction":[{"@type":"ReadAction","target":["https:\/\/latinconnect.com\/product\/costa-rica-rundreise-seele-des-dschungels-ostkueste-karibik\/"]}]},{"@type":"ImageObject","inLanguage":"fr-FR","@id":"https:\/\/latinconnect.com\/product\/costa-rica-rundreise-seele-des-dschungels-ostkueste-karibik\/#primaryimage","url":"https:\/\/latinconnect.com\/wp-content\/uploads\/CRA_SdD_01_costa-rica-rundreise-seele-des-dschungels-ostkueste-karibik.png","contentUrl":"https:\/\/latinconnect.com\/wp-content\/uploads\/CRA_SdD_01_costa-rica-rundreise-seele-des-dschungels-ostkueste-karibik.png","width":2400,"height":1800},{"@type":"BreadcrumbList","@id":"https:\/\/latinconnect.com\/product\/costa-rica-rundreise-seele-des-dschungels-ostkueste-karibik\/#breadcrumb","itemListElement":[{"@type":"ListItem","position":1,"name":"Home","item":"https:\/\/latinconnect.com\/de\/"},{"@type":"ListItem","position":2,"name":"Costa Rica Rundreise \u2013 Die Seele des Dschungels &#8211; Ostw\u00e4rts zur Karibikk\u00fcste"}]},{"@type":"WebSite","@id":"https:\/\/latinconnect.com\/de\/#website","url":"https:\/\/latinconnect.com\/de\/","name":"Latinconnect","description":"latin america's dmc alliance","publisher":{"@id":"https:\/\/latinconnect.com\/de\/#organization"},"potentialAction":[{"@type":"SearchAction","target":{"@type":"EntryPoint","urlTemplate":"https:\/\/latinconnect.com\/de\/?s={search_term_string}"},"query-input":{"@type":"PropertyValueSpecification","valueRequired":true,"valueName":"search_term_string"}}],"inLanguage":"fr-FR"},{"@type":"Organization","@id":"https:\/\/latinconnect.com\/de\/#organization","name":"Latinconnect","url":"https:\/\/latinconnect.com\/de\/","logo":{"@type":"ImageObject","inLanguage":"fr-FR","@id":"https:\/\/latinconnect.com\/de\/#\/schema\/logo\/image\/","url":"https:\/\/latinconnect.com\/wp-content\/uploads\/logo-latinconnect.svg","contentUrl":"https:\/\/latinconnect.com\/wp-content\/uploads\/logo-latinconnect.svg","width":260,"height":50,"caption":"Latinconnect"},"image":{"@id":"https:\/\/latinconnect.com\/de\/#\/schema\/logo\/image\/"},"sameAs":["https:\/\/www.linkedin.com\/company\/latinconnect"]}]}},"_links":{"self":[{"href":"https:\/\/latinconnect.com\/fr\/wp-json\/wp\/v2\/product\/8804","targetHints":{"allow":["GET"]}}],"collection":[{"href":"https:\/\/latinconnect.com\/fr\/wp-json\/wp\/v2\/product"}],"about":[{"href":"https:\/\/latinconnect.com\/fr\/wp-json\/wp\/v2\/types\/product"}],"wp:featuredmedia":[{"embeddable":true,"href":"https:\/\/latinconnect.com\/fr\/wp-json\/wp\/v2\/media\/8274"}],"wp:attachment":[{"href":"https:\/\/latinconnect.com\/fr\/wp-json\/wp\/v2\/media?parent=8804"}],"curies":[{"name":"wp","href":"https:\/\/api.w.org\/{rel}","templated":true}]}}