{"id":8817,"date":"2026-04-29T14:59:59","date_gmt":"2026-04-29T13:59:59","guid":{"rendered":"https:\/\/new.latinconnect.com\/product\/costa-rica-rundreise-vogelbeobachtungstour-standard\/"},"modified":"2026-04-29T15:12:01","modified_gmt":"2026-04-29T14:12:01","slug":"tour-de-observacion-de-aves-en-costa-rica-estandar","status":"publish","type":"product","link":"https:\/\/latinconnect.com\/es\/producto\/tour-de-observacion-de-aves-en-costa-rica-estandar\/","title":{"rendered":"Tour de Costa Rica - Tour de observaci\u00f3n de aves Est\u00e1ndar"},"content":{"rendered":"<p>Descubre Costa Rica desde la perspectiva de sus habitantes emplumados. Este tour de 15 d\u00edas por Costa Rica te llevar\u00e1 a trav\u00e9s de los h\u00e1bitats m\u00e1s diversos del pa\u00eds, desde el nivel del mar hasta los m\u00edsticos bosques nubosos. Con m\u00e1s de 900 especies de aves, Costa Rica es un verdadero para\u00edso para los observadores de aves y amantes de la naturaleza.<\/p>","protected":false},"featured_media":8287,"template":"","meta":{"_acf_changed":false},"class_list":["post-8817","product","type-product","status-publish","has-post-thumbnail","hentry"],"acf":[],"yoast_head":"<!-- This site is optimized with the Yoast SEO plugin v26.9 - https:\/\/yoast.com\/product\/yoast-seo-wordpress\/ -->\n<title>Costa Rica Rundreise Vogelbeobachtung \u2013 15 Tage Birding Tour<\/title>\n<meta name=\"description\" content=\"15-t\u00e4gige Costa Rica Rundreise f\u00fcr Vogelbeobachter. \u00dcber 900 Arten entdecken, Quetzal beobachten, Carara Nationalpark besuchen. Ab 932,61 EUR pro Person.\" \/>\n<meta name=\"robots\" content=\"noindex, follow, max-snippet:-1, max-image-preview:large, max-video-preview:-1\" \/>\n<meta property=\"og:locale\" content=\"es_ES\" \/>\n<meta property=\"og:type\" content=\"article\" \/>\n<meta property=\"og:title\" content=\"Costa Rica Rundreise Vogelbeobachtung \u2013 15 Tage Birding Tour\" \/>\n<meta property=\"og:description\" content=\"15-t\u00e4gige Costa Rica Rundreise f\u00fcr Vogelbeobachter. \u00dcber 900 Arten entdecken, Quetzal beobachten, Carara Nationalpark besuchen. Ab 932,61 EUR pro Person.\" \/>\n<meta property=\"og:url\" content=\"https:\/\/latinconnect.com\/es\/producto\/tour-de-observacion-de-aves-en-costa-rica-estandar\/\" \/>\n<meta property=\"og:site_name\" content=\"Latinconnect\" \/>\n<meta property=\"article:modified_time\" content=\"2026-04-29T14:12:01+00:00\" \/>\n<meta property=\"og:image\" content=\"https:\/\/latinconnect.com\/wp-content\/uploads\/CRA_VS_01_costa-rica-rundreise-vogelbeobachtungstour-standard.png\" \/>\n\t<meta property=\"og:image:width\" content=\"2400\" \/>\n\t<meta property=\"og:image:height\" content=\"1800\" \/>\n\t<meta property=\"og:image:type\" content=\"image\/png\" \/>\n<meta name=\"twitter:card\" content=\"summary_large_image\" \/>\n<script type=\"application\/ld+json\" class=\"yoast-schema-graph\">{\"@context\":\"https:\/\/schema.org\",\"@graph\":[{\"@type\":\"WebPage\",\"@id\":\"https:\/\/latinconnect.com\/product\/costa-rica-rundreise-vogelbeobachtungstour-standard\/\",\"url\":\"https:\/\/latinconnect.com\/product\/costa-rica-rundreise-vogelbeobachtungstour-standard\/\",\"name\":\"Costa Rica Rundreise Vogelbeobachtung \u2013 15 Tage Birding Tour\",\"isPartOf\":{\"@id\":\"https:\/\/latinconnect.com\/de\/#website\"},\"primaryImageOfPage\":{\"@id\":\"https:\/\/latinconnect.com\/product\/costa-rica-rundreise-vogelbeobachtungstour-standard\/#primaryimage\"},\"image\":{\"@id\":\"https:\/\/latinconnect.com\/product\/costa-rica-rundreise-vogelbeobachtungstour-standard\/#primaryimage\"},\"thumbnailUrl\":\"https:\/\/latinconnect.com\/wp-content\/uploads\/CRA_VS_01_costa-rica-rundreise-vogelbeobachtungstour-standard.png\",\"datePublished\":\"2026-04-29T13:59:59+00:00\",\"dateModified\":\"2026-04-29T14:12:01+00:00\",\"description\":\"15-t\u00e4gige Costa Rica Rundreise f\u00fcr Vogelbeobachter. \u00dcber 900 Arten entdecken, Quetzal beobachten, Carara Nationalpark besuchen. Ab 932,61 EUR pro Person.\",\"breadcrumb\":{\"@id\":\"https:\/\/latinconnect.com\/product\/costa-rica-rundreise-vogelbeobachtungstour-standard\/#breadcrumb\"},\"inLanguage\":\"es-CR\",\"potentialAction\":[{\"@type\":\"ReadAction\",\"target\":[\"https:\/\/latinconnect.com\/product\/costa-rica-rundreise-vogelbeobachtungstour-standard\/\"]}]},{\"@type\":\"ImageObject\",\"inLanguage\":\"es-CR\",\"@id\":\"https:\/\/latinconnect.com\/product\/costa-rica-rundreise-vogelbeobachtungstour-standard\/#primaryimage\",\"url\":\"https:\/\/latinconnect.com\/wp-content\/uploads\/CRA_VS_01_costa-rica-rundreise-vogelbeobachtungstour-standard.png\",\"contentUrl\":\"https:\/\/latinconnect.com\/wp-content\/uploads\/CRA_VS_01_costa-rica-rundreise-vogelbeobachtungstour-standard.png\",\"width\":2400,\"height\":1800},{\"@type\":\"BreadcrumbList\",\"@id\":\"https:\/\/latinconnect.com\/product\/costa-rica-rundreise-vogelbeobachtungstour-standard\/#breadcrumb\",\"itemListElement\":[{\"@type\":\"ListItem\",\"position\":1,\"name\":\"Home\",\"item\":\"https:\/\/latinconnect.com\/de\/\"},{\"@type\":\"ListItem\",\"position\":2,\"name\":\"Costa Rica Rundreise \u2013 Vogelbeobachtungstour Standard\"}]},{\"@type\":\"WebSite\",\"@id\":\"https:\/\/latinconnect.com\/de\/#website\",\"url\":\"https:\/\/latinconnect.com\/de\/\",\"name\":\"Latinconnect\",\"description\":\"latin america&#039;s dmc alliance\",\"publisher\":{\"@id\":\"https:\/\/latinconnect.com\/de\/#organization\"},\"potentialAction\":[{\"@type\":\"SearchAction\",\"target\":{\"@type\":\"EntryPoint\",\"urlTemplate\":\"https:\/\/latinconnect.com\/de\/?s={search_term_string}\"},\"query-input\":{\"@type\":\"PropertyValueSpecification\",\"valueRequired\":true,\"valueName\":\"search_term_string\"}}],\"inLanguage\":\"es-CR\"},{\"@type\":\"Organization\",\"@id\":\"https:\/\/latinconnect.com\/de\/#organization\",\"name\":\"Latinconnect\",\"url\":\"https:\/\/latinconnect.com\/de\/\",\"logo\":{\"@type\":\"ImageObject\",\"inLanguage\":\"es-CR\",\"@id\":\"https:\/\/latinconnect.com\/de\/#\/schema\/logo\/image\/\",\"url\":\"https:\/\/latinconnect.com\/wp-content\/uploads\/logo-latinconnect.svg\",\"contentUrl\":\"https:\/\/latinconnect.com\/wp-content\/uploads\/logo-latinconnect.svg\",\"width\":260,\"height\":50,\"caption\":\"Latinconnect\"},\"image\":{\"@id\":\"https:\/\/latinconnect.com\/de\/#\/schema\/logo\/image\/\"},\"sameAs\":[\"https:\/\/www.linkedin.com\/company\/latinconnect\"]}]}<\/script>\n<!-- \/ Yoast SEO plugin. -->","yoast_head_json":{"title":"Costa Rica: Tour de 15 d\u00edas de observaci\u00f3n de aves","description":"Viaje de 15 d\u00edas a Costa Rica para observadores de aves. Descubra m\u00e1s de 900 especies, observe el quetzal, visite el Parque Nacional Carara. Desde 932,61 EUR por persona.","robots":{"index":"noindex","follow":"follow","max-snippet":"max-snippet:-1","max-image-preview":"max-image-preview:large","max-video-preview":"max-video-preview:-1"},"og_locale":"es_ES","og_type":"article","og_title":"Costa Rica Rundreise Vogelbeobachtung \u2013 15 Tage Birding Tour","og_description":"15-t\u00e4gige Costa Rica Rundreise f\u00fcr Vogelbeobachter. \u00dcber 900 Arten entdecken, Quetzal beobachten, Carara Nationalpark besuchen. Ab 932,61 EUR pro Person.","og_url":"https:\/\/latinconnect.com\/es\/producto\/tour-de-observacion-de-aves-en-costa-rica-estandar\/","og_site_name":"Latinconnect","article_modified_time":"2026-04-29T14:12:01+00:00","og_image":[{"width":2400,"height":1800,"url":"https:\/\/latinconnect.com\/wp-content\/uploads\/CRA_VS_01_costa-rica-rundreise-vogelbeobachtungstour-standard.png","type":"image\/png"}],"twitter_card":"summary_large_image","schema":{"@context":"https:\/\/schema.org","@graph":[{"@type":"WebPage","@id":"https:\/\/latinconnect.com\/product\/costa-rica-rundreise-vogelbeobachtungstour-standard\/","url":"https:\/\/latinconnect.com\/product\/costa-rica-rundreise-vogelbeobachtungstour-standard\/","name":"Costa Rica: Tour de 15 d\u00edas de observaci\u00f3n de aves","isPartOf":{"@id":"https:\/\/latinconnect.com\/de\/#website"},"primaryImageOfPage":{"@id":"https:\/\/latinconnect.com\/product\/costa-rica-rundreise-vogelbeobachtungstour-standard\/#primaryimage"},"image":{"@id":"https:\/\/latinconnect.com\/product\/costa-rica-rundreise-vogelbeobachtungstour-standard\/#primaryimage"},"thumbnailUrl":"https:\/\/latinconnect.com\/wp-content\/uploads\/CRA_VS_01_costa-rica-rundreise-vogelbeobachtungstour-standard.png","datePublished":"2026-04-29T13:59:59+00:00","dateModified":"2026-04-29T14:12:01+00:00","description":"Viaje de 15 d\u00edas a Costa Rica para observadores de aves. Descubra m\u00e1s de 900 especies, observe el quetzal, visite el Parque Nacional Carara. Desde 932,61 EUR por persona.","breadcrumb":{"@id":"https:\/\/latinconnect.com\/product\/costa-rica-rundreise-vogelbeobachtungstour-standard\/#breadcrumb"},"inLanguage":"es-CR","potentialAction":[{"@type":"ReadAction","target":["https:\/\/latinconnect.com\/product\/costa-rica-rundreise-vogelbeobachtungstour-standard\/"]}]},{"@type":"ImageObject","inLanguage":"es-CR","@id":"https:\/\/latinconnect.com\/product\/costa-rica-rundreise-vogelbeobachtungstour-standard\/#primaryimage","url":"https:\/\/latinconnect.com\/wp-content\/uploads\/CRA_VS_01_costa-rica-rundreise-vogelbeobachtungstour-standard.png","contentUrl":"https:\/\/latinconnect.com\/wp-content\/uploads\/CRA_VS_01_costa-rica-rundreise-vogelbeobachtungstour-standard.png","width":2400,"height":1800},{"@type":"BreadcrumbList","@id":"https:\/\/latinconnect.com\/product\/costa-rica-rundreise-vogelbeobachtungstour-standard\/#breadcrumb","itemListElement":[{"@type":"ListItem","position":1,"name":"Home","item":"https:\/\/latinconnect.com\/de\/"},{"@type":"ListItem","position":2,"name":"Costa Rica Rundreise \u2013 Vogelbeobachtungstour Standard"}]},{"@type":"WebSite","@id":"https:\/\/latinconnect.com\/de\/#website","url":"https:\/\/latinconnect.com\/de\/","name":"Latinconnect","description":"Alianza DMC de Am\u00e9rica Latina","publisher":{"@id":"https:\/\/latinconnect.com\/de\/#organization"},"potentialAction":[{"@type":"SearchAction","target":{"@type":"EntryPoint","urlTemplate":"https:\/\/latinconnect.com\/de\/?s={search_term_string}"},"query-input":{"@type":"PropertyValueSpecification","valueRequired":true,"valueName":"search_term_string"}}],"inLanguage":"es-CR"},{"@type":"Organization","@id":"https:\/\/latinconnect.com\/de\/#organization","name":"Latinconnect","url":"https:\/\/latinconnect.com\/de\/","logo":{"@type":"ImageObject","inLanguage":"es-CR","@id":"https:\/\/latinconnect.com\/de\/#\/schema\/logo\/image\/","url":"https:\/\/latinconnect.com\/wp-content\/uploads\/logo-latinconnect.svg","contentUrl":"https:\/\/latinconnect.com\/wp-content\/uploads\/logo-latinconnect.svg","width":260,"height":50,"caption":"Latinconnect"},"image":{"@id":"https:\/\/latinconnect.com\/de\/#\/schema\/logo\/image\/"},"sameAs":["https:\/\/www.linkedin.com\/company\/latinconnect"]}]}},"_links":{"self":[{"href":"https:\/\/latinconnect.com\/es\/wp-json\/wp\/v2\/product\/8817","targetHints":{"allow":["GET"]}}],"collection":[{"href":"https:\/\/latinconnect.com\/es\/wp-json\/wp\/v2\/product"}],"about":[{"href":"https:\/\/latinconnect.com\/es\/wp-json\/wp\/v2\/types\/product"}],"wp:featuredmedia":[{"embeddable":true,"href":"https:\/\/latinconnect.com\/es\/wp-json\/wp\/v2\/media\/8287"}],"wp:attachment":[{"href":"https:\/\/latinconnect.com\/es\/wp-json\/wp\/v2\/media?parent=8817"}],"curies":[{"name":"wp","href":"https:\/\/api.w.org\/{rel}","templated":true}]}}