{"id":8816,"date":"2026-04-29T14:59:58","date_gmt":"2026-04-29T13:59:58","guid":{"rendered":"https:\/\/new.latinconnect.com\/product\/costa-rica-rundreise-stilvolles-golferlebnis\/"},"modified":"2026-04-29T15:12:01","modified_gmt":"2026-04-29T14:12:01","slug":"costa-rica-circuito-elegante-para-golfistas","status":"publish","type":"product","link":"https:\/\/latinconnect.com\/es\/producto\/costa-rica-circuito-elegante-para-golfistas\/","title":{"rendered":"Recorrido por Costa Rica: Experiencia de golf con estilo"},"content":{"rendered":"<p>Vive Costa Rica de una manera muy especial: este tour de 11 d\u00edas por Costa Rica combina golf de primera clase con las experiencias naturales m\u00e1s espectaculares del pa\u00eds. Desde San Jos\u00e9, tu ruta te llevar\u00e1 a trav\u00e9s del m\u00edstico para\u00edso de bosque nuboso en Bajos del Toro, al majestuoso volc\u00e1n Arenal, luego a la vibrante costa del Pac\u00edfico en Tamarindo y finalmente a la costa del Pac\u00edfico central en Los Sue\u00f1os.<\/p>","protected":false},"featured_media":8286,"template":"","meta":{"_acf_changed":false},"class_list":["post-8816","product","type-product","status-publish","has-post-thumbnail","hentry"],"acf":[],"yoast_head":"<!-- This site is optimized with the Yoast SEO plugin v26.9 - https:\/\/yoast.com\/product\/yoast-seo-wordpress\/ -->\n<title>Costa Rica Rundreise \u2013 Stilvolles Golferlebnis | 11 Tage Golf &amp; Natur<\/title>\n<meta name=\"description\" content=\"Costa Rica Rundreise mit Golf auf 4 Championship-Pl\u00e4tzen. 11 Tage von San Jos\u00e9 \u00fcber Vulkan Arenal nach Tamarindo. Erstklassige Hotels, Mietwagen inklusive.\" \/>\n<meta name=\"robots\" content=\"noindex, follow, max-snippet:-1, max-image-preview:large, max-video-preview:-1\" \/>\n<meta property=\"og:locale\" content=\"es_ES\" \/>\n<meta property=\"og:type\" content=\"article\" \/>\n<meta property=\"og:title\" content=\"Costa Rica Rundreise \u2013 Stilvolles Golferlebnis | 11 Tage Golf &amp; Natur\" \/>\n<meta property=\"og:description\" content=\"Costa Rica Rundreise mit Golf auf 4 Championship-Pl\u00e4tzen. 11 Tage von San Jos\u00e9 \u00fcber Vulkan Arenal nach Tamarindo. Erstklassige Hotels, Mietwagen inklusive.\" \/>\n<meta property=\"og:url\" content=\"https:\/\/latinconnect.com\/es\/producto\/costa-rica-circuito-elegante-para-golfistas\/\" \/>\n<meta property=\"og:site_name\" content=\"Latinconnect\" \/>\n<meta property=\"article:modified_time\" content=\"2026-04-29T14:12:01+00:00\" \/>\n<meta property=\"og:image\" content=\"https:\/\/latinconnect.com\/wp-content\/uploads\/CRA_SGC_01_costa-rica-rundreise-stilvolles-golferlebnis.png\" \/>\n\t<meta property=\"og:image:width\" content=\"2400\" \/>\n\t<meta property=\"og:image:height\" content=\"1800\" \/>\n\t<meta property=\"og:image:type\" content=\"image\/png\" \/>\n<meta name=\"twitter:card\" content=\"summary_large_image\" \/>\n<script type=\"application\/ld+json\" class=\"yoast-schema-graph\">{\"@context\":\"https:\/\/schema.org\",\"@graph\":[{\"@type\":\"WebPage\",\"@id\":\"https:\/\/latinconnect.com\/product\/costa-rica-rundreise-stilvolles-golferlebnis\/\",\"url\":\"https:\/\/latinconnect.com\/product\/costa-rica-rundreise-stilvolles-golferlebnis\/\",\"name\":\"Costa Rica Rundreise \u2013 Stilvolles Golferlebnis | 11 Tage Golf & Natur\",\"isPartOf\":{\"@id\":\"https:\/\/latinconnect.com\/de\/#website\"},\"primaryImageOfPage\":{\"@id\":\"https:\/\/latinconnect.com\/product\/costa-rica-rundreise-stilvolles-golferlebnis\/#primaryimage\"},\"image\":{\"@id\":\"https:\/\/latinconnect.com\/product\/costa-rica-rundreise-stilvolles-golferlebnis\/#primaryimage\"},\"thumbnailUrl\":\"https:\/\/latinconnect.com\/wp-content\/uploads\/CRA_SGC_01_costa-rica-rundreise-stilvolles-golferlebnis.png\",\"datePublished\":\"2026-04-29T13:59:58+00:00\",\"dateModified\":\"2026-04-29T14:12:01+00:00\",\"description\":\"Costa Rica Rundreise mit Golf auf 4 Championship-Pl\u00e4tzen. 11 Tage von San Jos\u00e9 \u00fcber Vulkan Arenal nach Tamarindo. Erstklassige Hotels, Mietwagen inklusive.\",\"breadcrumb\":{\"@id\":\"https:\/\/latinconnect.com\/product\/costa-rica-rundreise-stilvolles-golferlebnis\/#breadcrumb\"},\"inLanguage\":\"es-CR\",\"potentialAction\":[{\"@type\":\"ReadAction\",\"target\":[\"https:\/\/latinconnect.com\/product\/costa-rica-rundreise-stilvolles-golferlebnis\/\"]}]},{\"@type\":\"ImageObject\",\"inLanguage\":\"es-CR\",\"@id\":\"https:\/\/latinconnect.com\/product\/costa-rica-rundreise-stilvolles-golferlebnis\/#primaryimage\",\"url\":\"https:\/\/latinconnect.com\/wp-content\/uploads\/CRA_SGC_01_costa-rica-rundreise-stilvolles-golferlebnis.png\",\"contentUrl\":\"https:\/\/latinconnect.com\/wp-content\/uploads\/CRA_SGC_01_costa-rica-rundreise-stilvolles-golferlebnis.png\",\"width\":2400,\"height\":1800},{\"@type\":\"BreadcrumbList\",\"@id\":\"https:\/\/latinconnect.com\/product\/costa-rica-rundreise-stilvolles-golferlebnis\/#breadcrumb\",\"itemListElement\":[{\"@type\":\"ListItem\",\"position\":1,\"name\":\"Home\",\"item\":\"https:\/\/latinconnect.com\/de\/\"},{\"@type\":\"ListItem\",\"position\":2,\"name\":\"Costa Rica Rundreise \u2013 Stilvolles Golferlebnis\"}]},{\"@type\":\"WebSite\",\"@id\":\"https:\/\/latinconnect.com\/de\/#website\",\"url\":\"https:\/\/latinconnect.com\/de\/\",\"name\":\"Latinconnect\",\"description\":\"latin america&#039;s dmc alliance\",\"publisher\":{\"@id\":\"https:\/\/latinconnect.com\/de\/#organization\"},\"potentialAction\":[{\"@type\":\"SearchAction\",\"target\":{\"@type\":\"EntryPoint\",\"urlTemplate\":\"https:\/\/latinconnect.com\/de\/?s={search_term_string}\"},\"query-input\":{\"@type\":\"PropertyValueSpecification\",\"valueRequired\":true,\"valueName\":\"search_term_string\"}}],\"inLanguage\":\"es-CR\"},{\"@type\":\"Organization\",\"@id\":\"https:\/\/latinconnect.com\/de\/#organization\",\"name\":\"Latinconnect\",\"url\":\"https:\/\/latinconnect.com\/de\/\",\"logo\":{\"@type\":\"ImageObject\",\"inLanguage\":\"es-CR\",\"@id\":\"https:\/\/latinconnect.com\/de\/#\/schema\/logo\/image\/\",\"url\":\"https:\/\/latinconnect.com\/wp-content\/uploads\/logo-latinconnect.svg\",\"contentUrl\":\"https:\/\/latinconnect.com\/wp-content\/uploads\/logo-latinconnect.svg\",\"width\":260,\"height\":50,\"caption\":\"Latinconnect\"},\"image\":{\"@id\":\"https:\/\/latinconnect.com\/de\/#\/schema\/logo\/image\/\"},\"sameAs\":[\"https:\/\/www.linkedin.com\/company\/latinconnect\"]}]}<\/script>\n<!-- \/ Yoast SEO plugin. -->","yoast_head_json":{"title":"Viaje por Costa Rica \u2013 Elegante experiencia de golf | 11 d\u00edas de golf y naturaleza","description":"Tour de Costa Rica con golf en 4 campos de campeonato. 11 d\u00edas desde San Jos\u00e9 pasando por el Volc\u00e1n Arenal hasta Tamarindo. Hoteles de primera clase, coche de alquiler incluido.","robots":{"index":"noindex","follow":"follow","max-snippet":"max-snippet:-1","max-image-preview":"max-image-preview:large","max-video-preview":"max-video-preview:-1"},"og_locale":"es_ES","og_type":"article","og_title":"Costa Rica Rundreise \u2013 Stilvolles Golferlebnis | 11 Tage Golf & Natur","og_description":"Costa Rica Rundreise mit Golf auf 4 Championship-Pl\u00e4tzen. 11 Tage von San Jos\u00e9 \u00fcber Vulkan Arenal nach Tamarindo. Erstklassige Hotels, Mietwagen inklusive.","og_url":"https:\/\/latinconnect.com\/es\/producto\/costa-rica-circuito-elegante-para-golfistas\/","og_site_name":"Latinconnect","article_modified_time":"2026-04-29T14:12:01+00:00","og_image":[{"width":2400,"height":1800,"url":"https:\/\/latinconnect.com\/wp-content\/uploads\/CRA_SGC_01_costa-rica-rundreise-stilvolles-golferlebnis.png","type":"image\/png"}],"twitter_card":"summary_large_image","schema":{"@context":"https:\/\/schema.org","@graph":[{"@type":"WebPage","@id":"https:\/\/latinconnect.com\/product\/costa-rica-rundreise-stilvolles-golferlebnis\/","url":"https:\/\/latinconnect.com\/product\/costa-rica-rundreise-stilvolles-golferlebnis\/","name":"Viaje por Costa Rica \u2013 Elegante experiencia de golf | 11 d\u00edas de golf y naturaleza","isPartOf":{"@id":"https:\/\/latinconnect.com\/de\/#website"},"primaryImageOfPage":{"@id":"https:\/\/latinconnect.com\/product\/costa-rica-rundreise-stilvolles-golferlebnis\/#primaryimage"},"image":{"@id":"https:\/\/latinconnect.com\/product\/costa-rica-rundreise-stilvolles-golferlebnis\/#primaryimage"},"thumbnailUrl":"https:\/\/latinconnect.com\/wp-content\/uploads\/CRA_SGC_01_costa-rica-rundreise-stilvolles-golferlebnis.png","datePublished":"2026-04-29T13:59:58+00:00","dateModified":"2026-04-29T14:12:01+00:00","description":"Tour de Costa Rica con golf en 4 campos de campeonato. 11 d\u00edas desde San Jos\u00e9 pasando por el Volc\u00e1n Arenal hasta Tamarindo. Hoteles de primera clase, coche de alquiler incluido.","breadcrumb":{"@id":"https:\/\/latinconnect.com\/product\/costa-rica-rundreise-stilvolles-golferlebnis\/#breadcrumb"},"inLanguage":"es-CR","potentialAction":[{"@type":"ReadAction","target":["https:\/\/latinconnect.com\/product\/costa-rica-rundreise-stilvolles-golferlebnis\/"]}]},{"@type":"ImageObject","inLanguage":"es-CR","@id":"https:\/\/latinconnect.com\/product\/costa-rica-rundreise-stilvolles-golferlebnis\/#primaryimage","url":"https:\/\/latinconnect.com\/wp-content\/uploads\/CRA_SGC_01_costa-rica-rundreise-stilvolles-golferlebnis.png","contentUrl":"https:\/\/latinconnect.com\/wp-content\/uploads\/CRA_SGC_01_costa-rica-rundreise-stilvolles-golferlebnis.png","width":2400,"height":1800},{"@type":"BreadcrumbList","@id":"https:\/\/latinconnect.com\/product\/costa-rica-rundreise-stilvolles-golferlebnis\/#breadcrumb","itemListElement":[{"@type":"ListItem","position":1,"name":"Home","item":"https:\/\/latinconnect.com\/de\/"},{"@type":"ListItem","position":2,"name":"Costa Rica Rundreise \u2013 Stilvolles Golferlebnis"}]},{"@type":"WebSite","@id":"https:\/\/latinconnect.com\/de\/#website","url":"https:\/\/latinconnect.com\/de\/","name":"Latinconnect","description":"Alianza DMC de Am\u00e9rica Latina","publisher":{"@id":"https:\/\/latinconnect.com\/de\/#organization"},"potentialAction":[{"@type":"SearchAction","target":{"@type":"EntryPoint","urlTemplate":"https:\/\/latinconnect.com\/de\/?s={search_term_string}"},"query-input":{"@type":"PropertyValueSpecification","valueRequired":true,"valueName":"search_term_string"}}],"inLanguage":"es-CR"},{"@type":"Organization","@id":"https:\/\/latinconnect.com\/de\/#organization","name":"Latinconnect","url":"https:\/\/latinconnect.com\/de\/","logo":{"@type":"ImageObject","inLanguage":"es-CR","@id":"https:\/\/latinconnect.com\/de\/#\/schema\/logo\/image\/","url":"https:\/\/latinconnect.com\/wp-content\/uploads\/logo-latinconnect.svg","contentUrl":"https:\/\/latinconnect.com\/wp-content\/uploads\/logo-latinconnect.svg","width":260,"height":50,"caption":"Latinconnect"},"image":{"@id":"https:\/\/latinconnect.com\/de\/#\/schema\/logo\/image\/"},"sameAs":["https:\/\/www.linkedin.com\/company\/latinconnect"]}]}},"_links":{"self":[{"href":"https:\/\/latinconnect.com\/es\/wp-json\/wp\/v2\/product\/8816","targetHints":{"allow":["GET"]}}],"collection":[{"href":"https:\/\/latinconnect.com\/es\/wp-json\/wp\/v2\/product"}],"about":[{"href":"https:\/\/latinconnect.com\/es\/wp-json\/wp\/v2\/types\/product"}],"wp:featuredmedia":[{"embeddable":true,"href":"https:\/\/latinconnect.com\/es\/wp-json\/wp\/v2\/media\/8286"}],"wp:attachment":[{"href":"https:\/\/latinconnect.com\/es\/wp-json\/wp\/v2\/media?parent=8816"}],"curies":[{"name":"wp","href":"https:\/\/api.w.org\/{rel}","templated":true}]}}