{"id":8807,"date":"2026-04-29T14:59:52","date_gmt":"2026-04-29T13:59:52","guid":{"rendered":"https:\/\/new.latinconnect.com\/product\/costa-rica-rundreise-entdeckertour\/"},"modified":"2026-04-29T15:12:01","modified_gmt":"2026-04-29T14:12:01","slug":"costa-rica-viaje-de-descubrimiento-por-la-costa","status":"publish","type":"product","link":"https:\/\/latinconnect.com\/es\/producto\/costa-rica-viaje-de-descubrimiento-por-la-costa\/","title":{"rendered":"Recorrido por Costa Rica \u2013 Tour de descubrimiento"},"content":{"rendered":"<p>Entdecke Costa Rica auf dieser 15-t\u00e4gigen Fly &#038; Drive Rundreise von San Jos\u00e9 \u00fcber aktive Vulkane bis zur karibischen K\u00fcste. Du erlebst die ganze Vielfalt des Landes: vom dampfenden Vulkan Arenal \u00fcber den mystischen Nebelwald von Monteverde bis zu den traumhaften Str\u00e4nden von Manuel Antonio und der entspannten Karibikk\u00fcste bei Puerto Viejo.<\/p>","protected":false},"featured_media":8277,"template":"","meta":{"_acf_changed":false},"class_list":["post-8807","product","type-product","status-publish","has-post-thumbnail","hentry"],"acf":[],"yoast_head":"<!-- This site is optimized with the Yoast SEO plugin v26.9 - https:\/\/yoast.com\/product\/yoast-seo-wordpress\/ -->\n<title>Costa Rica Rundreise \u2013 15 Tage Entdeckertour | Fly &amp; Drive<\/title>\n<meta name=\"description\" content=\"15-t\u00e4gige Costa Rica Rundreise mit Vulkan Arenal, Monteverde Nebelwald, Manuel Antonio und Karibikk\u00fcste. Fly &amp; Drive ab 1.062 EUR pro Person.\" \/>\n<meta name=\"robots\" content=\"noindex, follow, max-snippet:-1, max-image-preview:large, max-video-preview:-1\" \/>\n<meta property=\"og:locale\" content=\"es_ES\" \/>\n<meta property=\"og:type\" content=\"article\" \/>\n<meta property=\"og:title\" content=\"Costa Rica Rundreise \u2013 15 Tage Entdeckertour | Fly &amp; Drive\" \/>\n<meta property=\"og:description\" content=\"15-t\u00e4gige Costa Rica Rundreise mit Vulkan Arenal, Monteverde Nebelwald, Manuel Antonio und Karibikk\u00fcste. Fly &amp; Drive ab 1.062 EUR pro Person.\" \/>\n<meta property=\"og:url\" content=\"https:\/\/latinconnect.com\/es\/producto\/costa-rica-viaje-de-descubrimiento-por-la-costa\/\" \/>\n<meta property=\"og:site_name\" content=\"Latinconnect\" \/>\n<meta property=\"article:modified_time\" content=\"2026-04-29T14:12:01+00:00\" \/>\n<meta property=\"og:image\" content=\"https:\/\/latinconnect.com\/wp-content\/uploads\/CRA_E_01_costa-rica-rundreise-entdeckertour.png\" \/>\n\t<meta property=\"og:image:width\" content=\"2400\" \/>\n\t<meta property=\"og:image:height\" content=\"1800\" \/>\n\t<meta property=\"og:image:type\" content=\"image\/png\" \/>\n<meta name=\"twitter:card\" content=\"summary_large_image\" \/>\n<script type=\"application\/ld+json\" class=\"yoast-schema-graph\">{\"@context\":\"https:\/\/schema.org\",\"@graph\":[{\"@type\":\"WebPage\",\"@id\":\"https:\/\/latinconnect.com\/product\/costa-rica-rundreise-entdeckertour\/\",\"url\":\"https:\/\/latinconnect.com\/product\/costa-rica-rundreise-entdeckertour\/\",\"name\":\"Costa Rica Rundreise \u2013 15 Tage Entdeckertour | Fly & Drive\",\"isPartOf\":{\"@id\":\"https:\/\/latinconnect.com\/de\/#website\"},\"primaryImageOfPage\":{\"@id\":\"https:\/\/latinconnect.com\/product\/costa-rica-rundreise-entdeckertour\/#primaryimage\"},\"image\":{\"@id\":\"https:\/\/latinconnect.com\/product\/costa-rica-rundreise-entdeckertour\/#primaryimage\"},\"thumbnailUrl\":\"https:\/\/latinconnect.com\/wp-content\/uploads\/CRA_E_01_costa-rica-rundreise-entdeckertour.png\",\"datePublished\":\"2026-04-29T13:59:52+00:00\",\"dateModified\":\"2026-04-29T14:12:01+00:00\",\"description\":\"15-t\u00e4gige Costa Rica Rundreise mit Vulkan Arenal, Monteverde Nebelwald, Manuel Antonio und Karibikk\u00fcste. Fly & Drive ab 1.062 EUR pro Person.\",\"breadcrumb\":{\"@id\":\"https:\/\/latinconnect.com\/product\/costa-rica-rundreise-entdeckertour\/#breadcrumb\"},\"inLanguage\":\"es-CR\",\"potentialAction\":[{\"@type\":\"ReadAction\",\"target\":[\"https:\/\/latinconnect.com\/product\/costa-rica-rundreise-entdeckertour\/\"]}]},{\"@type\":\"ImageObject\",\"inLanguage\":\"es-CR\",\"@id\":\"https:\/\/latinconnect.com\/product\/costa-rica-rundreise-entdeckertour\/#primaryimage\",\"url\":\"https:\/\/latinconnect.com\/wp-content\/uploads\/CRA_E_01_costa-rica-rundreise-entdeckertour.png\",\"contentUrl\":\"https:\/\/latinconnect.com\/wp-content\/uploads\/CRA_E_01_costa-rica-rundreise-entdeckertour.png\",\"width\":2400,\"height\":1800},{\"@type\":\"BreadcrumbList\",\"@id\":\"https:\/\/latinconnect.com\/product\/costa-rica-rundreise-entdeckertour\/#breadcrumb\",\"itemListElement\":[{\"@type\":\"ListItem\",\"position\":1,\"name\":\"Home\",\"item\":\"https:\/\/latinconnect.com\/de\/\"},{\"@type\":\"ListItem\",\"position\":2,\"name\":\"Costa Rica Rundreise \u2013 Entdeckertour\"}]},{\"@type\":\"WebSite\",\"@id\":\"https:\/\/latinconnect.com\/de\/#website\",\"url\":\"https:\/\/latinconnect.com\/de\/\",\"name\":\"Latinconnect\",\"description\":\"latin america&#039;s dmc alliance\",\"publisher\":{\"@id\":\"https:\/\/latinconnect.com\/de\/#organization\"},\"potentialAction\":[{\"@type\":\"SearchAction\",\"target\":{\"@type\":\"EntryPoint\",\"urlTemplate\":\"https:\/\/latinconnect.com\/de\/?s={search_term_string}\"},\"query-input\":{\"@type\":\"PropertyValueSpecification\",\"valueRequired\":true,\"valueName\":\"search_term_string\"}}],\"inLanguage\":\"es-CR\"},{\"@type\":\"Organization\",\"@id\":\"https:\/\/latinconnect.com\/de\/#organization\",\"name\":\"Latinconnect\",\"url\":\"https:\/\/latinconnect.com\/de\/\",\"logo\":{\"@type\":\"ImageObject\",\"inLanguage\":\"es-CR\",\"@id\":\"https:\/\/latinconnect.com\/de\/#\/schema\/logo\/image\/\",\"url\":\"https:\/\/latinconnect.com\/wp-content\/uploads\/logo-latinconnect.svg\",\"contentUrl\":\"https:\/\/latinconnect.com\/wp-content\/uploads\/logo-latinconnect.svg\",\"width\":260,\"height\":50,\"caption\":\"Latinconnect\"},\"image\":{\"@id\":\"https:\/\/latinconnect.com\/de\/#\/schema\/logo\/image\/\"},\"sameAs\":[\"https:\/\/www.linkedin.com\/company\/latinconnect\"]}]}<\/script>\n<!-- \/ Yoast SEO plugin. -->","yoast_head_json":{"title":"Viaje por Costa Rica \u2013 Tour de descubrimiento de 15 d\u00edas | Vuelo y Auto","description":"Viaje de 15 d\u00edas a Costa Rica con Volc\u00e1n Arenal, Bosque Nuboso Monteverde, Manuel Antonio y la costa caribe\u00f1a. Vuelo y coche desde 1.062 EUR por persona.","robots":{"index":"noindex","follow":"follow","max-snippet":"max-snippet:-1","max-image-preview":"max-image-preview:large","max-video-preview":"max-video-preview:-1"},"og_locale":"es_ES","og_type":"article","og_title":"Costa Rica Rundreise \u2013 15 Tage Entdeckertour | Fly & Drive","og_description":"15-t\u00e4gige Costa Rica Rundreise mit Vulkan Arenal, Monteverde Nebelwald, Manuel Antonio und Karibikk\u00fcste. Fly & Drive ab 1.062 EUR pro Person.","og_url":"https:\/\/latinconnect.com\/es\/producto\/costa-rica-viaje-de-descubrimiento-por-la-costa\/","og_site_name":"Latinconnect","article_modified_time":"2026-04-29T14:12:01+00:00","og_image":[{"width":2400,"height":1800,"url":"https:\/\/latinconnect.com\/wp-content\/uploads\/CRA_E_01_costa-rica-rundreise-entdeckertour.png","type":"image\/png"}],"twitter_card":"summary_large_image","schema":{"@context":"https:\/\/schema.org","@graph":[{"@type":"WebPage","@id":"https:\/\/latinconnect.com\/product\/costa-rica-rundreise-entdeckertour\/","url":"https:\/\/latinconnect.com\/product\/costa-rica-rundreise-entdeckertour\/","name":"Viaje por Costa Rica \u2013 Tour de descubrimiento de 15 d\u00edas | Vuelo y Auto","isPartOf":{"@id":"https:\/\/latinconnect.com\/de\/#website"},"primaryImageOfPage":{"@id":"https:\/\/latinconnect.com\/product\/costa-rica-rundreise-entdeckertour\/#primaryimage"},"image":{"@id":"https:\/\/latinconnect.com\/product\/costa-rica-rundreise-entdeckertour\/#primaryimage"},"thumbnailUrl":"https:\/\/latinconnect.com\/wp-content\/uploads\/CRA_E_01_costa-rica-rundreise-entdeckertour.png","datePublished":"2026-04-29T13:59:52+00:00","dateModified":"2026-04-29T14:12:01+00:00","description":"Viaje de 15 d\u00edas a Costa Rica con Volc\u00e1n Arenal, Bosque Nuboso Monteverde, Manuel Antonio y la costa caribe\u00f1a. Vuelo y coche desde 1.062 EUR por persona.","breadcrumb":{"@id":"https:\/\/latinconnect.com\/product\/costa-rica-rundreise-entdeckertour\/#breadcrumb"},"inLanguage":"es-CR","potentialAction":[{"@type":"ReadAction","target":["https:\/\/latinconnect.com\/product\/costa-rica-rundreise-entdeckertour\/"]}]},{"@type":"ImageObject","inLanguage":"es-CR","@id":"https:\/\/latinconnect.com\/product\/costa-rica-rundreise-entdeckertour\/#primaryimage","url":"https:\/\/latinconnect.com\/wp-content\/uploads\/CRA_E_01_costa-rica-rundreise-entdeckertour.png","contentUrl":"https:\/\/latinconnect.com\/wp-content\/uploads\/CRA_E_01_costa-rica-rundreise-entdeckertour.png","width":2400,"height":1800},{"@type":"BreadcrumbList","@id":"https:\/\/latinconnect.com\/product\/costa-rica-rundreise-entdeckertour\/#breadcrumb","itemListElement":[{"@type":"ListItem","position":1,"name":"Home","item":"https:\/\/latinconnect.com\/de\/"},{"@type":"ListItem","position":2,"name":"Costa Rica Rundreise \u2013 Entdeckertour"}]},{"@type":"WebSite","@id":"https:\/\/latinconnect.com\/de\/#website","url":"https:\/\/latinconnect.com\/de\/","name":"Latinconnect","description":"Alianza DMC de Am\u00e9rica Latina","publisher":{"@id":"https:\/\/latinconnect.com\/de\/#organization"},"potentialAction":[{"@type":"SearchAction","target":{"@type":"EntryPoint","urlTemplate":"https:\/\/latinconnect.com\/de\/?s={search_term_string}"},"query-input":{"@type":"PropertyValueSpecification","valueRequired":true,"valueName":"search_term_string"}}],"inLanguage":"es-CR"},{"@type":"Organization","@id":"https:\/\/latinconnect.com\/de\/#organization","name":"Latinconnect","url":"https:\/\/latinconnect.com\/de\/","logo":{"@type":"ImageObject","inLanguage":"es-CR","@id":"https:\/\/latinconnect.com\/de\/#\/schema\/logo\/image\/","url":"https:\/\/latinconnect.com\/wp-content\/uploads\/logo-latinconnect.svg","contentUrl":"https:\/\/latinconnect.com\/wp-content\/uploads\/logo-latinconnect.svg","width":260,"height":50,"caption":"Latinconnect"},"image":{"@id":"https:\/\/latinconnect.com\/de\/#\/schema\/logo\/image\/"},"sameAs":["https:\/\/www.linkedin.com\/company\/latinconnect"]}]}},"_links":{"self":[{"href":"https:\/\/latinconnect.com\/es\/wp-json\/wp\/v2\/product\/8807","targetHints":{"allow":["GET"]}}],"collection":[{"href":"https:\/\/latinconnect.com\/es\/wp-json\/wp\/v2\/product"}],"about":[{"href":"https:\/\/latinconnect.com\/es\/wp-json\/wp\/v2\/types\/product"}],"wp:featuredmedia":[{"embeddable":true,"href":"https:\/\/latinconnect.com\/es\/wp-json\/wp\/v2\/media\/8277"}],"wp:attachment":[{"href":"https:\/\/latinconnect.com\/es\/wp-json\/wp\/v2\/media?parent=8807"}],"curies":[{"name":"wp","href":"https:\/\/api.w.org\/{rel}","templated":true}]}}