{"id":8856,"date":"2026-04-29T15:00:33","date_gmt":"2026-04-29T14:00:33","guid":{"rendered":"https:\/\/new.latinconnect.com\/product\/mexiko-rundreise-hoehepunkte-yucatan-calakmul\/"},"modified":"2026-05-13T15:47:27","modified_gmt":"2026-05-13T14:47:27","slug":"mexico-tour-highlights-yucatan-calakmul","status":"publish","type":"product","link":"https:\/\/latinconnect.com\/en\/product\/mexico-tour-highlights-yucatan-calakmul\/","title":{"rendered":"Mexico Round Trip \u2013 Yucatan Highlights with Calakmul"},"content":{"rendered":"<p>Discover the most fascinating Mayan sites on the Yucatan Peninsula on this 8-day tour of Mexico. From the spectacular coastal location of Tulum to the hidden treasures of Calakmul and the architectural masterpieces of Chichen Itza, you'll experience a perfect blend of culture, history, and nature.<\/p>","protected":false},"featured_media":8397,"template":"","meta":{"_acf_changed":false},"class_list":["post-8856","product","type-product","status-publish","has-post-thumbnail","hentry"],"acf":[],"yoast_head":"<!-- This site is optimized with the Yoast SEO plugin v26.9 - https:\/\/yoast.com\/product\/yoast-seo-wordpress\/ -->\n<title>Mexiko Rundreise Yucatan mit Calakmul - 8 Tage Maya-Kultur erleben<\/title>\n<meta name=\"description\" content=\"Entdecke auf dieser 8-t\u00e4gigen Mexiko Rundreise die H\u00f6hepunkte Yucatans: Tulum, Calakmul, Palenque, Chichen Itza und koloniale St\u00e4dte. Ab 1.120 EUR pro Person.\" \/>\n<meta name=\"robots\" content=\"noindex, follow, max-snippet:-1, max-image-preview:large, max-video-preview:-1\" \/>\n<meta property=\"og:locale\" content=\"en_GB\" \/>\n<meta property=\"og:type\" content=\"article\" \/>\n<meta property=\"og:title\" content=\"Mexiko Rundreise Yucatan mit Calakmul - 8 Tage Maya-Kultur erleben\" \/>\n<meta property=\"og:description\" content=\"Entdecke auf dieser 8-t\u00e4gigen Mexiko Rundreise die H\u00f6hepunkte Yucatans: Tulum, Calakmul, Palenque, Chichen Itza und koloniale St\u00e4dte. Ab 1.120 EUR pro Person.\" \/>\n<meta property=\"og:url\" content=\"https:\/\/latinconnect.com\/en\/product\/mexico-tour-highlights-yucatan-calakmul\/\" \/>\n<meta property=\"og:site_name\" content=\"Latinconnect\" \/>\n<meta property=\"article:modified_time\" content=\"2026-05-13T14:47:27+00:00\" \/>\n<meta property=\"og:image\" content=\"https:\/\/latinconnect.com\/wp-content\/uploads\/MEX_HYC_01_mexiko-rundreise-hoehepunkte-yucatan-calakmul.png\" \/>\n\t<meta property=\"og:image:width\" content=\"2400\" \/>\n\t<meta property=\"og:image:height\" content=\"1800\" \/>\n\t<meta property=\"og:image:type\" content=\"image\/png\" \/>\n<meta name=\"twitter:card\" content=\"summary_large_image\" \/>\n<script type=\"application\/ld+json\" class=\"yoast-schema-graph\">{\"@context\":\"https:\/\/schema.org\",\"@graph\":[{\"@type\":\"WebPage\",\"@id\":\"https:\/\/latinconnect.com\/product\/mexiko-rundreise-hoehepunkte-yucatan-calakmul\/\",\"url\":\"https:\/\/latinconnect.com\/product\/mexiko-rundreise-hoehepunkte-yucatan-calakmul\/\",\"name\":\"Mexiko Rundreise Yucatan mit Calakmul - 8 Tage Maya-Kultur erleben\",\"isPartOf\":{\"@id\":\"https:\/\/latinconnect.com\/de\/#website\"},\"primaryImageOfPage\":{\"@id\":\"https:\/\/latinconnect.com\/product\/mexiko-rundreise-hoehepunkte-yucatan-calakmul\/#primaryimage\"},\"image\":{\"@id\":\"https:\/\/latinconnect.com\/product\/mexiko-rundreise-hoehepunkte-yucatan-calakmul\/#primaryimage\"},\"thumbnailUrl\":\"https:\/\/latinconnect.com\/wp-content\/uploads\/MEX_HYC_01_mexiko-rundreise-hoehepunkte-yucatan-calakmul.png\",\"datePublished\":\"2026-04-29T14:00:33+00:00\",\"dateModified\":\"2026-05-13T14:47:27+00:00\",\"description\":\"Entdecke auf dieser 8-t\u00e4gigen Mexiko Rundreise die H\u00f6hepunkte Yucatans: Tulum, Calakmul, Palenque, Chichen Itza und koloniale St\u00e4dte. Ab 1.120 EUR pro Person.\",\"breadcrumb\":{\"@id\":\"https:\/\/latinconnect.com\/product\/mexiko-rundreise-hoehepunkte-yucatan-calakmul\/#breadcrumb\"},\"inLanguage\":\"en-GB\",\"potentialAction\":[{\"@type\":\"ReadAction\",\"target\":[\"https:\/\/latinconnect.com\/product\/mexiko-rundreise-hoehepunkte-yucatan-calakmul\/\"]}]},{\"@type\":\"ImageObject\",\"inLanguage\":\"en-GB\",\"@id\":\"https:\/\/latinconnect.com\/product\/mexiko-rundreise-hoehepunkte-yucatan-calakmul\/#primaryimage\",\"url\":\"https:\/\/latinconnect.com\/wp-content\/uploads\/MEX_HYC_01_mexiko-rundreise-hoehepunkte-yucatan-calakmul.png\",\"contentUrl\":\"https:\/\/latinconnect.com\/wp-content\/uploads\/MEX_HYC_01_mexiko-rundreise-hoehepunkte-yucatan-calakmul.png\",\"width\":2400,\"height\":1800},{\"@type\":\"BreadcrumbList\",\"@id\":\"https:\/\/latinconnect.com\/product\/mexiko-rundreise-hoehepunkte-yucatan-calakmul\/#breadcrumb\",\"itemListElement\":[{\"@type\":\"ListItem\",\"position\":1,\"name\":\"Home\",\"item\":\"https:\/\/latinconnect.com\/de\/\"},{\"@type\":\"ListItem\",\"position\":2,\"name\":\"Mexiko Rundreise \u2013 H\u00f6hepunkte Yucatan mit Calakmul\"}]},{\"@type\":\"WebSite\",\"@id\":\"https:\/\/latinconnect.com\/de\/#website\",\"url\":\"https:\/\/latinconnect.com\/de\/\",\"name\":\"Latinconnect\",\"description\":\"latin america&#039;s dmc alliance\",\"publisher\":{\"@id\":\"https:\/\/latinconnect.com\/de\/#organization\"},\"potentialAction\":[{\"@type\":\"SearchAction\",\"target\":{\"@type\":\"EntryPoint\",\"urlTemplate\":\"https:\/\/latinconnect.com\/de\/?s={search_term_string}\"},\"query-input\":{\"@type\":\"PropertyValueSpecification\",\"valueRequired\":true,\"valueName\":\"search_term_string\"}}],\"inLanguage\":\"en-GB\"},{\"@type\":\"Organization\",\"@id\":\"https:\/\/latinconnect.com\/de\/#organization\",\"name\":\"Latinconnect\",\"url\":\"https:\/\/latinconnect.com\/de\/\",\"logo\":{\"@type\":\"ImageObject\",\"inLanguage\":\"en-GB\",\"@id\":\"https:\/\/latinconnect.com\/de\/#\/schema\/logo\/image\/\",\"url\":\"https:\/\/latinconnect.com\/wp-content\/uploads\/logo-latinconnect.svg\",\"contentUrl\":\"https:\/\/latinconnect.com\/wp-content\/uploads\/logo-latinconnect.svg\",\"width\":260,\"height\":50,\"caption\":\"Latinconnect\"},\"image\":{\"@id\":\"https:\/\/latinconnect.com\/de\/#\/schema\/logo\/image\/\"},\"sameAs\":[\"https:\/\/www.linkedin.com\/company\/latinconnect\"]}]}<\/script>\n<!-- \/ Yoast SEO plugin. -->","yoast_head_json":{"title":"Mexico Tour Yucatan with Calakmul - 8 Days of Maya Culture","description":"Discover the highlights of the Yucat\u00e1n on this 8-day Mexico tour: Tulum, Calakmul, Palenque, Chichen Itza, and colonial cities. From \u20ac1,120 per person.","robots":{"index":"noindex","follow":"follow","max-snippet":"max-snippet:-1","max-image-preview":"max-image-preview:large","max-video-preview":"max-video-preview:-1"},"og_locale":"en_GB","og_type":"article","og_title":"Mexiko Rundreise Yucatan mit Calakmul - 8 Tage Maya-Kultur erleben","og_description":"Entdecke auf dieser 8-t\u00e4gigen Mexiko Rundreise die H\u00f6hepunkte Yucatans: Tulum, Calakmul, Palenque, Chichen Itza und koloniale St\u00e4dte. Ab 1.120 EUR pro Person.","og_url":"https:\/\/latinconnect.com\/en\/product\/mexico-tour-highlights-yucatan-calakmul\/","og_site_name":"Latinconnect","article_modified_time":"2026-05-13T14:47:27+00:00","og_image":[{"width":2400,"height":1800,"url":"https:\/\/latinconnect.com\/wp-content\/uploads\/MEX_HYC_01_mexiko-rundreise-hoehepunkte-yucatan-calakmul.png","type":"image\/png"}],"twitter_card":"summary_large_image","schema":{"@context":"https:\/\/schema.org","@graph":[{"@type":"WebPage","@id":"https:\/\/latinconnect.com\/product\/mexiko-rundreise-hoehepunkte-yucatan-calakmul\/","url":"https:\/\/latinconnect.com\/product\/mexiko-rundreise-hoehepunkte-yucatan-calakmul\/","name":"Mexico Tour Yucatan with Calakmul - 8 Days of Maya Culture","isPartOf":{"@id":"https:\/\/latinconnect.com\/de\/#website"},"primaryImageOfPage":{"@id":"https:\/\/latinconnect.com\/product\/mexiko-rundreise-hoehepunkte-yucatan-calakmul\/#primaryimage"},"image":{"@id":"https:\/\/latinconnect.com\/product\/mexiko-rundreise-hoehepunkte-yucatan-calakmul\/#primaryimage"},"thumbnailUrl":"https:\/\/latinconnect.com\/wp-content\/uploads\/MEX_HYC_01_mexiko-rundreise-hoehepunkte-yucatan-calakmul.png","datePublished":"2026-04-29T14:00:33+00:00","dateModified":"2026-05-13T14:47:27+00:00","description":"Discover the highlights of the Yucat\u00e1n on this 8-day Mexico tour: Tulum, Calakmul, Palenque, Chichen Itza, and colonial cities. From \u20ac1,120 per person.","breadcrumb":{"@id":"https:\/\/latinconnect.com\/product\/mexiko-rundreise-hoehepunkte-yucatan-calakmul\/#breadcrumb"},"inLanguage":"en-GB","potentialAction":[{"@type":"ReadAction","target":["https:\/\/latinconnect.com\/product\/mexiko-rundreise-hoehepunkte-yucatan-calakmul\/"]}]},{"@type":"ImageObject","inLanguage":"en-GB","@id":"https:\/\/latinconnect.com\/product\/mexiko-rundreise-hoehepunkte-yucatan-calakmul\/#primaryimage","url":"https:\/\/latinconnect.com\/wp-content\/uploads\/MEX_HYC_01_mexiko-rundreise-hoehepunkte-yucatan-calakmul.png","contentUrl":"https:\/\/latinconnect.com\/wp-content\/uploads\/MEX_HYC_01_mexiko-rundreise-hoehepunkte-yucatan-calakmul.png","width":2400,"height":1800},{"@type":"BreadcrumbList","@id":"https:\/\/latinconnect.com\/product\/mexiko-rundreise-hoehepunkte-yucatan-calakmul\/#breadcrumb","itemListElement":[{"@type":"ListItem","position":1,"name":"Home","item":"https:\/\/latinconnect.com\/de\/"},{"@type":"ListItem","position":2,"name":"Mexiko Rundreise \u2013 H\u00f6hepunkte Yucatan mit Calakmul"}]},{"@type":"WebSite","@id":"https:\/\/latinconnect.com\/de\/#website","url":"https:\/\/latinconnect.com\/de\/","name":"Latinconnect","description":"latin america's dmc alliance","publisher":{"@id":"https:\/\/latinconnect.com\/de\/#organization"},"potentialAction":[{"@type":"SearchAction","target":{"@type":"EntryPoint","urlTemplate":"https:\/\/latinconnect.com\/de\/?s={search_term_string}"},"query-input":{"@type":"PropertyValueSpecification","valueRequired":true,"valueName":"search_term_string"}}],"inLanguage":"en-GB"},{"@type":"Organization","@id":"https:\/\/latinconnect.com\/de\/#organization","name":"Latinconnect","url":"https:\/\/latinconnect.com\/de\/","logo":{"@type":"ImageObject","inLanguage":"en-GB","@id":"https:\/\/latinconnect.com\/de\/#\/schema\/logo\/image\/","url":"https:\/\/latinconnect.com\/wp-content\/uploads\/logo-latinconnect.svg","contentUrl":"https:\/\/latinconnect.com\/wp-content\/uploads\/logo-latinconnect.svg","width":260,"height":50,"caption":"Latinconnect"},"image":{"@id":"https:\/\/latinconnect.com\/de\/#\/schema\/logo\/image\/"},"sameAs":["https:\/\/www.linkedin.com\/company\/latinconnect"]}]}},"_links":{"self":[{"href":"https:\/\/latinconnect.com\/en\/wp-json\/wp\/v2\/product\/8856","targetHints":{"allow":["GET"]}}],"collection":[{"href":"https:\/\/latinconnect.com\/en\/wp-json\/wp\/v2\/product"}],"about":[{"href":"https:\/\/latinconnect.com\/en\/wp-json\/wp\/v2\/types\/product"}],"wp:featuredmedia":[{"embeddable":true,"href":"https:\/\/latinconnect.com\/en\/wp-json\/wp\/v2\/media\/8397"}],"wp:attachment":[{"href":"https:\/\/latinconnect.com\/en\/wp-json\/wp\/v2\/media?parent=8856"}],"curies":[{"name":"wp","href":"https:\/\/api.w.org\/{rel}","templated":true}]}}