{"id":8812,"date":"2026-04-29T14:59:55","date_gmt":"2026-04-29T13:59:55","guid":{"rendered":"https:\/\/new.latinconnect.com\/product\/costa-rica-rundreise-pazifiktour-hoehepunkte\/"},"modified":"2026-04-29T15:12:01","modified_gmt":"2026-04-29T14:12:01","slug":"costa-rica-rundreise-pazifiktour-hoehepunkte","status":"publish","type":"product","link":"https:\/\/latinconnect.com\/de\/product\/costa-rica-rundreise-pazifiktour-hoehepunkte\/","title":{"rendered":"Costa Rica Rundreise \u2013 Pazifiktour &#038; H\u00f6hepunkte Costa Ricas"},"content":{"rendered":"<p>Diese 13-t\u00e4gige Costa Rica Rundreise f\u00fchrt dich von der Pazifikk\u00fcste bis in die Regenw\u00e4lder des Nordens. Du erlebst die spektakul\u00e4ren Krokodile am T\u00e1rcoles Fluss, entspannst an den Traumstr\u00e4nden von Manuel Antonio und wandelst durch die mystischen Nebelw\u00e4lder von Monteverde. Die Reise durch Costa Rica bringt dich zu aktiven Vulkanen, hei\u00dfen Quellen und in die Mangrovens\u00fcmpfe von Tortuguero, wo Meeresschildkr\u00f6ten ihre Eier legen.<\/p>\n","protected":false},"featured_media":8282,"template":"","meta":{"_acf_changed":false},"class_list":["post-8812","product","type-product","status-publish","has-post-thumbnail","hentry"],"acf":[],"yoast_head":"<!-- This site is optimized with the Yoast SEO plugin v26.9 - https:\/\/yoast.com\/product\/yoast-seo-wordpress\/ -->\n<title>Costa Rica Rundreise \u2013 Pazifiktour &amp; H\u00f6hepunkte | 13 Tage<\/title>\n<meta name=\"description\" content=\"13-t\u00e4gige Costa Rica Rundreise von der Pazifikk\u00fcste bis Tortuguero. Erlebe Manuel Antonio, Monteverde, Arenal Vulkan und Schildkr\u00f6ten. Mit deutschsprechender Reiseleitung ab 2.337 EUR.\" \/>\n<meta name=\"robots\" content=\"noindex, follow, max-snippet:-1, max-image-preview:large, max-video-preview:-1\" \/>\n<meta property=\"og:locale\" content=\"de_DE\" \/>\n<meta property=\"og:type\" content=\"article\" \/>\n<meta property=\"og:title\" content=\"Costa Rica Rundreise \u2013 Pazifiktour &amp; H\u00f6hepunkte | 13 Tage\" \/>\n<meta property=\"og:description\" content=\"13-t\u00e4gige Costa Rica Rundreise von der Pazifikk\u00fcste bis Tortuguero. Erlebe Manuel Antonio, Monteverde, Arenal Vulkan und Schildkr\u00f6ten. Mit deutschsprechender Reiseleitung ab 2.337 EUR.\" \/>\n<meta property=\"og:url\" content=\"https:\/\/latinconnect.com\/de\/product\/costa-rica-rundreise-pazifiktour-hoehepunkte\/\" \/>\n<meta property=\"og:site_name\" content=\"Latinconnect\" \/>\n<meta property=\"article:modified_time\" content=\"2026-04-29T14:12:01+00:00\" \/>\n<meta property=\"og:image\" content=\"https:\/\/latinconnect.com\/wp-content\/uploads\/CRA_KPH_01_costa-rica-rundreise-pazifiktour-hoehepunkte.png\" \/>\n\t<meta property=\"og:image:width\" content=\"2400\" \/>\n\t<meta property=\"og:image:height\" content=\"1800\" \/>\n\t<meta property=\"og:image:type\" content=\"image\/png\" \/>\n<meta name=\"twitter:card\" content=\"summary_large_image\" \/>\n<script type=\"application\/ld+json\" class=\"yoast-schema-graph\">{\"@context\":\"https:\/\/schema.org\",\"@graph\":[{\"@type\":\"WebPage\",\"@id\":\"https:\/\/latinconnect.com\/product\/costa-rica-rundreise-pazifiktour-hoehepunkte\/\",\"url\":\"https:\/\/latinconnect.com\/product\/costa-rica-rundreise-pazifiktour-hoehepunkte\/\",\"name\":\"Costa Rica Rundreise \u2013 Pazifiktour & H\u00f6hepunkte | 13 Tage\",\"isPartOf\":{\"@id\":\"https:\/\/latinconnect.com\/de\/#website\"},\"primaryImageOfPage\":{\"@id\":\"https:\/\/latinconnect.com\/product\/costa-rica-rundreise-pazifiktour-hoehepunkte\/#primaryimage\"},\"image\":{\"@id\":\"https:\/\/latinconnect.com\/product\/costa-rica-rundreise-pazifiktour-hoehepunkte\/#primaryimage\"},\"thumbnailUrl\":\"https:\/\/latinconnect.com\/wp-content\/uploads\/CRA_KPH_01_costa-rica-rundreise-pazifiktour-hoehepunkte.png\",\"datePublished\":\"2026-04-29T13:59:55+00:00\",\"dateModified\":\"2026-04-29T14:12:01+00:00\",\"description\":\"13-t\u00e4gige Costa Rica Rundreise von der Pazifikk\u00fcste bis Tortuguero. Erlebe Manuel Antonio, Monteverde, Arenal Vulkan und Schildkr\u00f6ten. Mit deutschsprechender Reiseleitung ab 2.337 EUR.\",\"breadcrumb\":{\"@id\":\"https:\/\/latinconnect.com\/product\/costa-rica-rundreise-pazifiktour-hoehepunkte\/#breadcrumb\"},\"inLanguage\":\"de\",\"potentialAction\":[{\"@type\":\"ReadAction\",\"target\":[\"https:\/\/latinconnect.com\/product\/costa-rica-rundreise-pazifiktour-hoehepunkte\/\"]}]},{\"@type\":\"ImageObject\",\"inLanguage\":\"de\",\"@id\":\"https:\/\/latinconnect.com\/product\/costa-rica-rundreise-pazifiktour-hoehepunkte\/#primaryimage\",\"url\":\"https:\/\/latinconnect.com\/wp-content\/uploads\/CRA_KPH_01_costa-rica-rundreise-pazifiktour-hoehepunkte.png\",\"contentUrl\":\"https:\/\/latinconnect.com\/wp-content\/uploads\/CRA_KPH_01_costa-rica-rundreise-pazifiktour-hoehepunkte.png\",\"width\":2400,\"height\":1800},{\"@type\":\"BreadcrumbList\",\"@id\":\"https:\/\/latinconnect.com\/product\/costa-rica-rundreise-pazifiktour-hoehepunkte\/#breadcrumb\",\"itemListElement\":[{\"@type\":\"ListItem\",\"position\":1,\"name\":\"Home\",\"item\":\"https:\/\/latinconnect.com\/de\/\"},{\"@type\":\"ListItem\",\"position\":2,\"name\":\"Costa Rica Rundreise \u2013 Pazifiktour &#038; H\u00f6hepunkte Costa Ricas\"}]},{\"@type\":\"WebSite\",\"@id\":\"https:\/\/latinconnect.com\/de\/#website\",\"url\":\"https:\/\/latinconnect.com\/de\/\",\"name\":\"Latinconnect\",\"description\":\"latin america&#039;s dmc alliance\",\"publisher\":{\"@id\":\"https:\/\/latinconnect.com\/de\/#organization\"},\"potentialAction\":[{\"@type\":\"SearchAction\",\"target\":{\"@type\":\"EntryPoint\",\"urlTemplate\":\"https:\/\/latinconnect.com\/de\/?s={search_term_string}\"},\"query-input\":{\"@type\":\"PropertyValueSpecification\",\"valueRequired\":true,\"valueName\":\"search_term_string\"}}],\"inLanguage\":\"de\"},{\"@type\":\"Organization\",\"@id\":\"https:\/\/latinconnect.com\/de\/#organization\",\"name\":\"Latinconnect\",\"url\":\"https:\/\/latinconnect.com\/de\/\",\"logo\":{\"@type\":\"ImageObject\",\"inLanguage\":\"de\",\"@id\":\"https:\/\/latinconnect.com\/de\/#\/schema\/logo\/image\/\",\"url\":\"https:\/\/latinconnect.com\/wp-content\/uploads\/logo-latinconnect.svg\",\"contentUrl\":\"https:\/\/latinconnect.com\/wp-content\/uploads\/logo-latinconnect.svg\",\"width\":260,\"height\":50,\"caption\":\"Latinconnect\"},\"image\":{\"@id\":\"https:\/\/latinconnect.com\/de\/#\/schema\/logo\/image\/\"},\"sameAs\":[\"https:\/\/www.linkedin.com\/company\/latinconnect\"]}]}<\/script>\n<!-- \/ Yoast SEO plugin. -->","yoast_head_json":{"title":"Costa Rica Rundreise \u2013 Pazifiktour & H\u00f6hepunkte | 13 Tage","description":"13-t\u00e4gige Costa Rica Rundreise von der Pazifikk\u00fcste bis Tortuguero. Erlebe Manuel Antonio, Monteverde, Arenal Vulkan und Schildkr\u00f6ten. Mit deutschsprechender Reiseleitung ab 2.337 EUR.","robots":{"index":"noindex","follow":"follow","max-snippet":"max-snippet:-1","max-image-preview":"max-image-preview:large","max-video-preview":"max-video-preview:-1"},"og_locale":"de_DE","og_type":"article","og_title":"Costa Rica Rundreise \u2013 Pazifiktour & H\u00f6hepunkte | 13 Tage","og_description":"13-t\u00e4gige Costa Rica Rundreise von der Pazifikk\u00fcste bis Tortuguero. Erlebe Manuel Antonio, Monteverde, Arenal Vulkan und Schildkr\u00f6ten. Mit deutschsprechender Reiseleitung ab 2.337 EUR.","og_url":"https:\/\/latinconnect.com\/de\/product\/costa-rica-rundreise-pazifiktour-hoehepunkte\/","og_site_name":"Latinconnect","article_modified_time":"2026-04-29T14:12:01+00:00","og_image":[{"width":2400,"height":1800,"url":"https:\/\/latinconnect.com\/wp-content\/uploads\/CRA_KPH_01_costa-rica-rundreise-pazifiktour-hoehepunkte.png","type":"image\/png"}],"twitter_card":"summary_large_image","schema":{"@context":"https:\/\/schema.org","@graph":[{"@type":"WebPage","@id":"https:\/\/latinconnect.com\/product\/costa-rica-rundreise-pazifiktour-hoehepunkte\/","url":"https:\/\/latinconnect.com\/product\/costa-rica-rundreise-pazifiktour-hoehepunkte\/","name":"Costa Rica Rundreise \u2013 Pazifiktour & H\u00f6hepunkte | 13 Tage","isPartOf":{"@id":"https:\/\/latinconnect.com\/de\/#website"},"primaryImageOfPage":{"@id":"https:\/\/latinconnect.com\/product\/costa-rica-rundreise-pazifiktour-hoehepunkte\/#primaryimage"},"image":{"@id":"https:\/\/latinconnect.com\/product\/costa-rica-rundreise-pazifiktour-hoehepunkte\/#primaryimage"},"thumbnailUrl":"https:\/\/latinconnect.com\/wp-content\/uploads\/CRA_KPH_01_costa-rica-rundreise-pazifiktour-hoehepunkte.png","datePublished":"2026-04-29T13:59:55+00:00","dateModified":"2026-04-29T14:12:01+00:00","description":"13-t\u00e4gige Costa Rica Rundreise von der Pazifikk\u00fcste bis Tortuguero. Erlebe Manuel Antonio, Monteverde, Arenal Vulkan und Schildkr\u00f6ten. Mit deutschsprechender Reiseleitung ab 2.337 EUR.","breadcrumb":{"@id":"https:\/\/latinconnect.com\/product\/costa-rica-rundreise-pazifiktour-hoehepunkte\/#breadcrumb"},"inLanguage":"de","potentialAction":[{"@type":"ReadAction","target":["https:\/\/latinconnect.com\/product\/costa-rica-rundreise-pazifiktour-hoehepunkte\/"]}]},{"@type":"ImageObject","inLanguage":"de","@id":"https:\/\/latinconnect.com\/product\/costa-rica-rundreise-pazifiktour-hoehepunkte\/#primaryimage","url":"https:\/\/latinconnect.com\/wp-content\/uploads\/CRA_KPH_01_costa-rica-rundreise-pazifiktour-hoehepunkte.png","contentUrl":"https:\/\/latinconnect.com\/wp-content\/uploads\/CRA_KPH_01_costa-rica-rundreise-pazifiktour-hoehepunkte.png","width":2400,"height":1800},{"@type":"BreadcrumbList","@id":"https:\/\/latinconnect.com\/product\/costa-rica-rundreise-pazifiktour-hoehepunkte\/#breadcrumb","itemListElement":[{"@type":"ListItem","position":1,"name":"Home","item":"https:\/\/latinconnect.com\/de\/"},{"@type":"ListItem","position":2,"name":"Costa Rica Rundreise \u2013 Pazifiktour &#038; H\u00f6hepunkte Costa Ricas"}]},{"@type":"WebSite","@id":"https:\/\/latinconnect.com\/de\/#website","url":"https:\/\/latinconnect.com\/de\/","name":"Latinconnect","description":"latin america&#039;s dmc alliance","publisher":{"@id":"https:\/\/latinconnect.com\/de\/#organization"},"potentialAction":[{"@type":"SearchAction","target":{"@type":"EntryPoint","urlTemplate":"https:\/\/latinconnect.com\/de\/?s={search_term_string}"},"query-input":{"@type":"PropertyValueSpecification","valueRequired":true,"valueName":"search_term_string"}}],"inLanguage":"de"},{"@type":"Organization","@id":"https:\/\/latinconnect.com\/de\/#organization","name":"Latinconnect","url":"https:\/\/latinconnect.com\/de\/","logo":{"@type":"ImageObject","inLanguage":"de","@id":"https:\/\/latinconnect.com\/de\/#\/schema\/logo\/image\/","url":"https:\/\/latinconnect.com\/wp-content\/uploads\/logo-latinconnect.svg","contentUrl":"https:\/\/latinconnect.com\/wp-content\/uploads\/logo-latinconnect.svg","width":260,"height":50,"caption":"Latinconnect"},"image":{"@id":"https:\/\/latinconnect.com\/de\/#\/schema\/logo\/image\/"},"sameAs":["https:\/\/www.linkedin.com\/company\/latinconnect"]}]}},"_links":{"self":[{"href":"https:\/\/latinconnect.com\/de\/wp-json\/wp\/v2\/product\/8812","targetHints":{"allow":["GET"]}}],"collection":[{"href":"https:\/\/latinconnect.com\/de\/wp-json\/wp\/v2\/product"}],"about":[{"href":"https:\/\/latinconnect.com\/de\/wp-json\/wp\/v2\/types\/product"}],"wp:featuredmedia":[{"embeddable":true,"href":"https:\/\/latinconnect.com\/de\/wp-json\/wp\/v2\/media\/8282"}],"wp:attachment":[{"href":"https:\/\/latinconnect.com\/de\/wp-json\/wp\/v2\/media?parent=8812"}],"curies":[{"name":"wp","href":"https:\/\/api.w.org\/{rel}","templated":true}]}}